{"id":5865,"date":"2022-03-09T14:00:41","date_gmt":"2022-03-09T14:00:41","guid":{"rendered":"https:\/\/pasouliereselection.com\/produit\/cuvee-roger-2022-375ml\/"},"modified":"2023-11-19T18:29:26","modified_gmt":"2023-11-19T18:29:26","slug":"cuvee-roger-2023-375ml","status":"publish","type":"product","link":"https:\/\/pasouliereselection.com\/fr\/produit\/cuvee-roger-2023-375ml\/","title":{"rendered":"Cuv\u00e9e Roger 2023 &#8211; 375ml"},"content":{"rendered":"<p><strong><em>CUV\u00c9E ROGER<\/em><\/strong> est un sirop d\u2019\u00e9rable cr\u00e9\u00e9 au plus fort de la saison et provenant des contreforts des Appalaches. L\u2019\u00e9quipe attend le jour o\u00f9 la s\u00e8ve est la plus douce pour cr\u00e9er ce qui repr\u00e9sente moins de 10 % de la production, la <em>S\u00e9lection.<\/em> Historiquement, ce niveau de qualit\u00e9 se trouvait rarement sur le march\u00e9, car il \u00e9tait <em>r\u00e9serv\u00e9 \u00e0 la famille.<\/em> Le nom rend hommage \u00e0 un vrai travailleur, Roger, qui a commenc\u00e9 avec des moyens modestes et a su d\u00e9velopper son m\u00e9tier afin de produire un sirop d\u2019\u00e9rable de la meilleure qualit\u00e9, en plus d\u2019un impressionnant troupeau de bovins canadiens.<\/p>\n","protected":false},"excerpt":{"rendered":"<p><strong><em>CUV\u00c9E ROGER<\/em><\/strong> est un sirop d\u2019\u00e9rable cr\u00e9\u00e9 au plus fort de la saison et provenant des contreforts des Appalaches. L\u2019\u00e9quipe attend le jour o\u00f9 la s\u00e8ve est la plus douce pour cr\u00e9er ce qui repr\u00e9sente moins de 10 % de la production, la <em>S\u00e9lection.<\/em> Historiquement, ce niveau de qualit\u00e9 se trouvait rarement sur le march\u00e9, car il \u00e9tait <em>r\u00e9serv\u00e9 \u00e0 la famille.<\/em> Le nom rend hommage \u00e0 un vrai travailleur, Roger, qui a commenc\u00e9 avec des moyens modestes et a su d\u00e9velopper son m\u00e9tier afin de produire un sirop d\u2019\u00e9rable de la meilleure qualit\u00e9, en plus d\u2019un impressionnant troupeau de bovins canadiens.<\/p>\n","protected":false},"featured_media":5845,"comment_status":"open","ping_status":"closed","template":"","meta":{"om_disable_all_campaigns":false,"_monsterinsights_skip_tracking":false,"_monsterinsights_sitenote_active":false,"_monsterinsights_sitenote_note":"","_monsterinsights_sitenote_category":0,"_uf_show_specific_survey":0,"_uf_disable_surveys":false},"product_brand":[],"product_cat":[94,93],"product_tag":[],"class_list":{"0":"post-5865","1":"product","2":"type-product","3":"status-publish","4":"has-post-thumbnail","6":"product_cat-cuvee-roger-fr","7":"product_cat-sirop-derable","9":"first","10":"instock","11":"shipping-taxable","12":"purchasable","13":"product-type-simple"},"yoast_head":"<!-- This site is optimized with the Yoast SEO plugin v26.8 - https:\/\/yoast.com\/product\/yoast-seo-wordpress\/ -->\n<title>Cuv\u00e9e Roger 2023 - 375ml - Pier-Alexis Souli\u00e8re S\u00e9lection<\/title>\n<meta name=\"robots\" content=\"index, follow, max-snippet:-1, max-image-preview:large, max-video-preview:-1\" \/>\n<link rel=\"canonical\" href=\"https:\/\/pasouliereselection.com\/fr\/produit\/cuvee-roger-2022-375ml-2\/\" \/>\n<meta property=\"og:locale\" content=\"fr_FR\" \/>\n<meta property=\"og:type\" content=\"article\" \/>\n<meta property=\"og:title\" content=\"Cuv\u00e9e Roger 2023 - 375ml - Pier-Alexis Souli\u00e8re S\u00e9lection\" \/>\n<meta property=\"og:description\" content=\"CUV\u00c9E ROGER est un sirop d\u2019\u00e9rable cr\u00e9\u00e9 au plus fort de la saison et provenant des contreforts des Appalaches. L\u2019\u00e9quipe attend le jour o\u00f9 la s\u00e8ve est la plus douce pour cr\u00e9er ce qui repr\u00e9sente moins de 10 % de la production, la S\u00e9lection. Historiquement, ce niveau de qualit\u00e9 se trouvait rarement sur le march\u00e9, car il \u00e9tait r\u00e9serv\u00e9 \u00e0 la famille. Le nom rend hommage \u00e0 un vrai travailleur, Roger, qui a commenc\u00e9 avec des moyens modestes et a su d\u00e9velopper son m\u00e9tier afin de produire un sirop d\u2019\u00e9rable de la meilleure qualit\u00e9, en plus d\u2019un impressionnant troupeau de bovins canadiens.\" \/>\n<meta property=\"og:url\" content=\"https:\/\/pasouliereselection.com\/fr\/produit\/cuvee-roger-2022-375ml-2\/\" \/>\n<meta property=\"og:site_name\" content=\"Pier-Alexis Souli\u00e8re S\u00e9lection\" \/>\n<meta property=\"article:publisher\" content=\"https:\/\/www.facebook.com\/pasouliereselection\" \/>\n<meta property=\"article:modified_time\" content=\"2023-11-19T18:29:26+00:00\" \/>\n<meta property=\"og:image\" content=\"https:\/\/pasouliereselection.com\/wp-content\/uploads\/2022\/03\/375ml.jpg\" \/>\n\t<meta property=\"og:image:width\" content=\"800\" \/>\n\t<meta property=\"og:image:height\" content=\"1406\" \/>\n\t<meta property=\"og:image:type\" content=\"image\/jpeg\" \/>\n<meta name=\"twitter:card\" content=\"summary_large_image\" \/>\n<meta name=\"twitter:label1\" content=\"Dur\u00e9e de lecture estim\u00e9e\" \/>\n\t<meta name=\"twitter:data1\" content=\"1 minute\" \/>\n<script type=\"application\/ld+json\" class=\"yoast-schema-graph\">{\"@context\":\"https:\/\/schema.org\",\"@graph\":[{\"@type\":\"WebPage\",\"@id\":\"https:\/\/pasouliereselection.com\/fr\/produit\/cuvee-roger-2022-375ml-2\/\",\"url\":\"https:\/\/pasouliereselection.com\/fr\/produit\/cuvee-roger-2022-375ml-2\/\",\"name\":\"Cuv\u00e9e Roger 2023 - 375ml - Pier-Alexis Souli\u00e8re S\u00e9lection\",\"isPartOf\":{\"@id\":\"https:\/\/pasouliereselection.com\/#website\"},\"primaryImageOfPage\":{\"@id\":\"https:\/\/pasouliereselection.com\/fr\/produit\/cuvee-roger-2022-375ml-2\/#primaryimage\"},\"image\":{\"@id\":\"https:\/\/pasouliereselection.com\/fr\/produit\/cuvee-roger-2022-375ml-2\/#primaryimage\"},\"thumbnailUrl\":\"https:\/\/pasouliereselection.com\/wp-content\/uploads\/2022\/03\/375ml.jpg\",\"datePublished\":\"2022-03-09T14:00:41+00:00\",\"dateModified\":\"2023-11-19T18:29:26+00:00\",\"breadcrumb\":{\"@id\":\"https:\/\/pasouliereselection.com\/fr\/produit\/cuvee-roger-2022-375ml-2\/#breadcrumb\"},\"inLanguage\":\"fr-FR\",\"potentialAction\":[{\"@type\":\"ReadAction\",\"target\":[\"https:\/\/pasouliereselection.com\/fr\/produit\/cuvee-roger-2022-375ml-2\/\"]}]},{\"@type\":\"ImageObject\",\"inLanguage\":\"fr-FR\",\"@id\":\"https:\/\/pasouliereselection.com\/fr\/produit\/cuvee-roger-2022-375ml-2\/#primaryimage\",\"url\":\"https:\/\/pasouliereselection.com\/wp-content\/uploads\/2022\/03\/375ml.jpg\",\"contentUrl\":\"https:\/\/pasouliereselection.com\/wp-content\/uploads\/2022\/03\/375ml.jpg\",\"width\":800,\"height\":1406},{\"@type\":\"BreadcrumbList\",\"@id\":\"https:\/\/pasouliereselection.com\/fr\/produit\/cuvee-roger-2022-375ml-2\/#breadcrumb\",\"itemListElement\":[{\"@type\":\"ListItem\",\"position\":1,\"name\":\"Home\",\"item\":\"https:\/\/pasouliereselection.com\/fr\/\"},{\"@type\":\"ListItem\",\"position\":2,\"name\":\"P-A Souli\u00e8re S\u00e9lection &#8211; Shop\",\"item\":\"https:\/\/pasouliereselection.com\/shop\/\"},{\"@type\":\"ListItem\",\"position\":3,\"name\":\"Cuv\u00e9e Roger 2023 &#8211; 375ml\"}]},{\"@type\":\"WebSite\",\"@id\":\"https:\/\/pasouliereselection.com\/#website\",\"url\":\"https:\/\/pasouliereselection.com\/\",\"name\":\"Pier-Alexis Souli\u00e8re S\u00e9lection\",\"description\":\"Produits de l&#039;\u00e9rable rafin\u00e9s\",\"publisher\":{\"@id\":\"https:\/\/pasouliereselection.com\/#organization\"},\"potentialAction\":[{\"@type\":\"SearchAction\",\"target\":{\"@type\":\"EntryPoint\",\"urlTemplate\":\"https:\/\/pasouliereselection.com\/?s={search_term_string}\"},\"query-input\":{\"@type\":\"PropertyValueSpecification\",\"valueRequired\":true,\"valueName\":\"search_term_string\"}}],\"inLanguage\":\"fr-FR\"},{\"@type\":\"Organization\",\"@id\":\"https:\/\/pasouliereselection.com\/#organization\",\"name\":\"P-A Souli\u00e8re S\u00e9lection\",\"url\":\"https:\/\/pasouliereselection.com\/\",\"logo\":{\"@type\":\"ImageObject\",\"inLanguage\":\"fr-FR\",\"@id\":\"https:\/\/pasouliereselection.com\/#\/schema\/logo\/image\/\",\"url\":\"https:\/\/pasouliereselection.com\/wp-content\/uploads\/2021\/01\/Signature_pieralexissouliere.png\",\"contentUrl\":\"https:\/\/pasouliereselection.com\/wp-content\/uploads\/2021\/01\/Signature_pieralexissouliere.png\",\"width\":648,\"height\":982,\"caption\":\"P-A Souli\u00e8re S\u00e9lection\"},\"image\":{\"@id\":\"https:\/\/pasouliereselection.com\/#\/schema\/logo\/image\/\"},\"sameAs\":[\"https:\/\/www.facebook.com\/pasouliereselection\"]}]}<\/script>\n<!-- \/ Yoast SEO plugin. -->","yoast_head_json":{"title":"Cuv\u00e9e Roger 2023 - 375ml - Pier-Alexis Souli\u00e8re S\u00e9lection","robots":{"index":"index","follow":"follow","max-snippet":"max-snippet:-1","max-image-preview":"max-image-preview:large","max-video-preview":"max-video-preview:-1"},"canonical":"https:\/\/pasouliereselection.com\/fr\/produit\/cuvee-roger-2022-375ml-2\/","og_locale":"fr_FR","og_type":"article","og_title":"Cuv\u00e9e Roger 2023 - 375ml - Pier-Alexis Souli\u00e8re S\u00e9lection","og_description":"CUV\u00c9E ROGER est un sirop d\u2019\u00e9rable cr\u00e9\u00e9 au plus fort de la saison et provenant des contreforts des Appalaches. L\u2019\u00e9quipe attend le jour o\u00f9 la s\u00e8ve est la plus douce pour cr\u00e9er ce qui repr\u00e9sente moins de 10 % de la production, la S\u00e9lection. Historiquement, ce niveau de qualit\u00e9 se trouvait rarement sur le march\u00e9, car il \u00e9tait r\u00e9serv\u00e9 \u00e0 la famille. Le nom rend hommage \u00e0 un vrai travailleur, Roger, qui a commenc\u00e9 avec des moyens modestes et a su d\u00e9velopper son m\u00e9tier afin de produire un sirop d\u2019\u00e9rable de la meilleure qualit\u00e9, en plus d\u2019un impressionnant troupeau de bovins canadiens.","og_url":"https:\/\/pasouliereselection.com\/fr\/produit\/cuvee-roger-2022-375ml-2\/","og_site_name":"Pier-Alexis Souli\u00e8re S\u00e9lection","article_publisher":"https:\/\/www.facebook.com\/pasouliereselection","article_modified_time":"2023-11-19T18:29:26+00:00","og_image":[{"width":800,"height":1406,"url":"https:\/\/pasouliereselection.com\/wp-content\/uploads\/2022\/03\/375ml.jpg","type":"image\/jpeg"}],"twitter_card":"summary_large_image","twitter_misc":{"Dur\u00e9e de lecture estim\u00e9e":"1 minute"},"schema":{"@context":"https:\/\/schema.org","@graph":[{"@type":"WebPage","@id":"https:\/\/pasouliereselection.com\/fr\/produit\/cuvee-roger-2022-375ml-2\/","url":"https:\/\/pasouliereselection.com\/fr\/produit\/cuvee-roger-2022-375ml-2\/","name":"Cuv\u00e9e Roger 2023 - 375ml - Pier-Alexis Souli\u00e8re S\u00e9lection","isPartOf":{"@id":"https:\/\/pasouliereselection.com\/#website"},"primaryImageOfPage":{"@id":"https:\/\/pasouliereselection.com\/fr\/produit\/cuvee-roger-2022-375ml-2\/#primaryimage"},"image":{"@id":"https:\/\/pasouliereselection.com\/fr\/produit\/cuvee-roger-2022-375ml-2\/#primaryimage"},"thumbnailUrl":"https:\/\/pasouliereselection.com\/wp-content\/uploads\/2022\/03\/375ml.jpg","datePublished":"2022-03-09T14:00:41+00:00","dateModified":"2023-11-19T18:29:26+00:00","breadcrumb":{"@id":"https:\/\/pasouliereselection.com\/fr\/produit\/cuvee-roger-2022-375ml-2\/#breadcrumb"},"inLanguage":"fr-FR","potentialAction":[{"@type":"ReadAction","target":["https:\/\/pasouliereselection.com\/fr\/produit\/cuvee-roger-2022-375ml-2\/"]}]},{"@type":"ImageObject","inLanguage":"fr-FR","@id":"https:\/\/pasouliereselection.com\/fr\/produit\/cuvee-roger-2022-375ml-2\/#primaryimage","url":"https:\/\/pasouliereselection.com\/wp-content\/uploads\/2022\/03\/375ml.jpg","contentUrl":"https:\/\/pasouliereselection.com\/wp-content\/uploads\/2022\/03\/375ml.jpg","width":800,"height":1406},{"@type":"BreadcrumbList","@id":"https:\/\/pasouliereselection.com\/fr\/produit\/cuvee-roger-2022-375ml-2\/#breadcrumb","itemListElement":[{"@type":"ListItem","position":1,"name":"Home","item":"https:\/\/pasouliereselection.com\/fr\/"},{"@type":"ListItem","position":2,"name":"P-A Souli\u00e8re S\u00e9lection &#8211; Shop","item":"https:\/\/pasouliereselection.com\/shop\/"},{"@type":"ListItem","position":3,"name":"Cuv\u00e9e Roger 2023 &#8211; 375ml"}]},{"@type":"WebSite","@id":"https:\/\/pasouliereselection.com\/#website","url":"https:\/\/pasouliereselection.com\/","name":"Pier-Alexis Souli\u00e8re S\u00e9lection","description":"Produits de l&#039;\u00e9rable rafin\u00e9s","publisher":{"@id":"https:\/\/pasouliereselection.com\/#organization"},"potentialAction":[{"@type":"SearchAction","target":{"@type":"EntryPoint","urlTemplate":"https:\/\/pasouliereselection.com\/?s={search_term_string}"},"query-input":{"@type":"PropertyValueSpecification","valueRequired":true,"valueName":"search_term_string"}}],"inLanguage":"fr-FR"},{"@type":"Organization","@id":"https:\/\/pasouliereselection.com\/#organization","name":"P-A Souli\u00e8re S\u00e9lection","url":"https:\/\/pasouliereselection.com\/","logo":{"@type":"ImageObject","inLanguage":"fr-FR","@id":"https:\/\/pasouliereselection.com\/#\/schema\/logo\/image\/","url":"https:\/\/pasouliereselection.com\/wp-content\/uploads\/2021\/01\/Signature_pieralexissouliere.png","contentUrl":"https:\/\/pasouliereselection.com\/wp-content\/uploads\/2021\/01\/Signature_pieralexissouliere.png","width":648,"height":982,"caption":"P-A Souli\u00e8re S\u00e9lection"},"image":{"@id":"https:\/\/pasouliereselection.com\/#\/schema\/logo\/image\/"},"sameAs":["https:\/\/www.facebook.com\/pasouliereselection"]}]}},"_links":{"self":[{"href":"https:\/\/pasouliereselection.com\/fr\/wp-json\/wp\/v2\/product\/5865","targetHints":{"allow":["GET"]}}],"collection":[{"href":"https:\/\/pasouliereselection.com\/fr\/wp-json\/wp\/v2\/product"}],"about":[{"href":"https:\/\/pasouliereselection.com\/fr\/wp-json\/wp\/v2\/types\/product"}],"replies":[{"embeddable":true,"href":"https:\/\/pasouliereselection.com\/fr\/wp-json\/wp\/v2\/comments?post=5865"}],"wp:featuredmedia":[{"embeddable":true,"href":"https:\/\/pasouliereselection.com\/fr\/wp-json\/wp\/v2\/media\/5845"}],"wp:attachment":[{"href":"https:\/\/pasouliereselection.com\/fr\/wp-json\/wp\/v2\/media?parent=5865"}],"wp:term":[{"taxonomy":"product_brand","embeddable":true,"href":"https:\/\/pasouliereselection.com\/fr\/wp-json\/wp\/v2\/product_brand?post=5865"},{"taxonomy":"product_cat","embeddable":true,"href":"https:\/\/pasouliereselection.com\/fr\/wp-json\/wp\/v2\/product_cat?post=5865"},{"taxonomy":"product_tag","embeddable":true,"href":"https:\/\/pasouliereselection.com\/fr\/wp-json\/wp\/v2\/product_tag?post=5865"}],"curies":[{"name":"wp","href":"https:\/\/api.w.org\/{rel}","templated":true}]}}