{"id":5864,"date":"2022-03-09T15:00:16","date_gmt":"2022-03-09T15:00:16","guid":{"rendered":"https:\/\/pasouliereselection.com\/produit\/cuvee-saint-laurent-quantites-limitees\/"},"modified":"2022-06-01T18:36:12","modified_gmt":"2022-06-01T18:36:12","slug":"cuvee-saint-laurent-quantitees-limitees","status":"publish","type":"product","link":"https:\/\/pasouliereselection.com\/fr\/produit\/cuvee-saint-laurent-quantitees-limitees\/","title":{"rendered":"Cuv\u00e9e Saint-Laurent &#8211; Quantit\u00e9s limit\u00e9es &#8211; SUR DEMANDE SEULEMENT"},"content":{"rendered":"<p><strong><em>CUV\u00c9E SAINT-LAURENT<\/em><\/strong> est un projet fou mis sur pied pour red\u00e9couvrir le go\u00fbt du sirop d\u2019\u00e9rable fabriqu\u00e9 \u00e0 l\u2019ancienne. La cabane \u00e0 sucre est situ\u00e9e sur le site le plus historique de la province, la Sucrerie du Cur\u00e9. Pas d\u2019\u00e9lectricit\u00e9! Et en plus de la carboneutralit\u00e9, tout de A \u00e0 Z est fait \u00e0 la main par Pier-Alexis. Le feu de bois et les seaux donnent un sirop d\u2019\u00e9rable encore plus \u00e9pais et savoureux. Ah, le go\u00fbt du bon vieux temps&#8230;<\/p>\n","protected":false},"excerpt":{"rendered":"<p><strong><em>CUV\u00c9E SAINT-LAURENT<\/em><\/strong> est un projet fou mis sur pied pour red\u00e9couvrir le go\u00fbt du sirop d\u2019\u00e9rable fabriqu\u00e9 \u00e0 l\u2019ancienne. La cabane \u00e0 sucre est situ\u00e9e sur le site le plus historique de la province, la Sucrerie du Cur\u00e9. Pas d\u2019\u00e9lectricit\u00e9! Et en plus de la carboneutralit\u00e9, tout de A \u00e0 Z est fait \u00e0 la main par Pier-Alexis. Le feu de bois et les seaux donnent un sirop d\u2019\u00e9rable encore plus \u00e9pais et savoureux. Ah, le go\u00fbt du bon vieux temps&#8230;<\/p>\n","protected":false},"featured_media":5846,"comment_status":"open","ping_status":"closed","template":"","meta":{"om_disable_all_campaigns":false,"_monsterinsights_skip_tracking":false,"_monsterinsights_sitenote_active":false,"_monsterinsights_sitenote_note":"","_monsterinsights_sitenote_category":0,"_uf_show_specific_survey":0,"_uf_disable_surveys":false},"product_brand":[],"product_cat":[95,93],"product_tag":[],"class_list":{"0":"post-5864","1":"product","2":"type-product","3":"status-publish","4":"has-post-thumbnail","6":"product_cat-cuvee-saint-laurent-fr","7":"product_cat-sirop-derable","9":"first","10":"outofstock","11":"shipping-taxable","12":"product-type-simple"},"yoast_head":"<!-- This site is optimized with the Yoast SEO plugin v26.8 - https:\/\/yoast.com\/product\/yoast-seo-wordpress\/ -->\n<title>Cuv\u00e9e Saint-Laurent - Quantit\u00e9s limit\u00e9es - SUR DEMANDE SEULEMENT - Pier-Alexis Souli\u00e8re S\u00e9lection<\/title>\n<meta name=\"robots\" content=\"index, follow, max-snippet:-1, max-image-preview:large, max-video-preview:-1\" \/>\n<link rel=\"canonical\" href=\"https:\/\/pasouliereselection.com\/fr\/produit\/cuvee-saint-laurent-quantitees-limitees\/\" \/>\n<meta property=\"og:locale\" content=\"fr_FR\" \/>\n<meta property=\"og:type\" content=\"article\" \/>\n<meta property=\"og:title\" content=\"Cuv\u00e9e Saint-Laurent - Quantit\u00e9s limit\u00e9es - SUR DEMANDE SEULEMENT - Pier-Alexis Souli\u00e8re S\u00e9lection\" \/>\n<meta property=\"og:description\" content=\"CUV\u00c9E SAINT-LAURENT est un projet fou mis sur pied pour red\u00e9couvrir le go\u00fbt du sirop d\u2019\u00e9rable fabriqu\u00e9 \u00e0 l\u2019ancienne. La cabane \u00e0 sucre est situ\u00e9e sur le site le plus historique de la province, la Sucrerie du Cur\u00e9. Pas d\u2019\u00e9lectricit\u00e9! Et en plus de la carboneutralit\u00e9, tout de A \u00e0 Z est fait \u00e0 la main par Pier-Alexis. Le feu de bois et les seaux donnent un sirop d\u2019\u00e9rable encore plus \u00e9pais et savoureux. Ah, le go\u00fbt du bon vieux temps...\" \/>\n<meta property=\"og:url\" content=\"https:\/\/pasouliereselection.com\/fr\/produit\/cuvee-saint-laurent-quantitees-limitees\/\" \/>\n<meta property=\"og:site_name\" content=\"Pier-Alexis Souli\u00e8re S\u00e9lection\" \/>\n<meta property=\"article:publisher\" content=\"https:\/\/www.facebook.com\/pasouliereselection\" \/>\n<meta property=\"article:modified_time\" content=\"2022-06-01T18:36:12+00:00\" \/>\n<meta property=\"og:image\" content=\"https:\/\/pasouliereselection.com\/wp-content\/uploads\/2022\/03\/St-Laurent2022.jpg\" \/>\n\t<meta property=\"og:image:width\" content=\"800\" \/>\n\t<meta property=\"og:image:height\" content=\"1406\" \/>\n\t<meta property=\"og:image:type\" content=\"image\/jpeg\" \/>\n<meta name=\"twitter:card\" content=\"summary_large_image\" \/>\n<script type=\"application\/ld+json\" class=\"yoast-schema-graph\">{\"@context\":\"https:\/\/schema.org\",\"@graph\":[{\"@type\":\"WebPage\",\"@id\":\"https:\/\/pasouliereselection.com\/fr\/produit\/cuvee-saint-laurent-quantitees-limitees\/\",\"url\":\"https:\/\/pasouliereselection.com\/fr\/produit\/cuvee-saint-laurent-quantitees-limitees\/\",\"name\":\"Cuv\u00e9e Saint-Laurent - Quantit\u00e9s limit\u00e9es - SUR DEMANDE SEULEMENT - Pier-Alexis Souli\u00e8re S\u00e9lection\",\"isPartOf\":{\"@id\":\"https:\/\/pasouliereselection.com\/#website\"},\"primaryImageOfPage\":{\"@id\":\"https:\/\/pasouliereselection.com\/fr\/produit\/cuvee-saint-laurent-quantitees-limitees\/#primaryimage\"},\"image\":{\"@id\":\"https:\/\/pasouliereselection.com\/fr\/produit\/cuvee-saint-laurent-quantitees-limitees\/#primaryimage\"},\"thumbnailUrl\":\"https:\/\/pasouliereselection.com\/wp-content\/uploads\/2022\/03\/St-Laurent2022.jpg\",\"datePublished\":\"2022-03-09T15:00:16+00:00\",\"dateModified\":\"2022-06-01T18:36:12+00:00\",\"breadcrumb\":{\"@id\":\"https:\/\/pasouliereselection.com\/fr\/produit\/cuvee-saint-laurent-quantitees-limitees\/#breadcrumb\"},\"inLanguage\":\"fr-FR\",\"potentialAction\":[{\"@type\":\"ReadAction\",\"target\":[\"https:\/\/pasouliereselection.com\/fr\/produit\/cuvee-saint-laurent-quantitees-limitees\/\"]}]},{\"@type\":\"ImageObject\",\"inLanguage\":\"fr-FR\",\"@id\":\"https:\/\/pasouliereselection.com\/fr\/produit\/cuvee-saint-laurent-quantitees-limitees\/#primaryimage\",\"url\":\"https:\/\/pasouliereselection.com\/wp-content\/uploads\/2022\/03\/St-Laurent2022.jpg\",\"contentUrl\":\"https:\/\/pasouliereselection.com\/wp-content\/uploads\/2022\/03\/St-Laurent2022.jpg\",\"width\":800,\"height\":1406},{\"@type\":\"BreadcrumbList\",\"@id\":\"https:\/\/pasouliereselection.com\/fr\/produit\/cuvee-saint-laurent-quantitees-limitees\/#breadcrumb\",\"itemListElement\":[{\"@type\":\"ListItem\",\"position\":1,\"name\":\"Home\",\"item\":\"https:\/\/pasouliereselection.com\/fr\/\"},{\"@type\":\"ListItem\",\"position\":2,\"name\":\"P-A Souli\u00e8re S\u00e9lection &#8211; Shop\",\"item\":\"https:\/\/pasouliereselection.com\/shop\/\"},{\"@type\":\"ListItem\",\"position\":3,\"name\":\"Cuv\u00e9e Saint-Laurent &#8211; Quantit\u00e9s limit\u00e9es &#8211; SUR DEMANDE SEULEMENT\"}]},{\"@type\":\"WebSite\",\"@id\":\"https:\/\/pasouliereselection.com\/#website\",\"url\":\"https:\/\/pasouliereselection.com\/\",\"name\":\"Pier-Alexis Souli\u00e8re S\u00e9lection\",\"description\":\"Produits de l&#039;\u00e9rable rafin\u00e9s\",\"publisher\":{\"@id\":\"https:\/\/pasouliereselection.com\/#organization\"},\"potentialAction\":[{\"@type\":\"SearchAction\",\"target\":{\"@type\":\"EntryPoint\",\"urlTemplate\":\"https:\/\/pasouliereselection.com\/?s={search_term_string}\"},\"query-input\":{\"@type\":\"PropertyValueSpecification\",\"valueRequired\":true,\"valueName\":\"search_term_string\"}}],\"inLanguage\":\"fr-FR\"},{\"@type\":\"Organization\",\"@id\":\"https:\/\/pasouliereselection.com\/#organization\",\"name\":\"P-A Souli\u00e8re S\u00e9lection\",\"url\":\"https:\/\/pasouliereselection.com\/\",\"logo\":{\"@type\":\"ImageObject\",\"inLanguage\":\"fr-FR\",\"@id\":\"https:\/\/pasouliereselection.com\/#\/schema\/logo\/image\/\",\"url\":\"https:\/\/pasouliereselection.com\/wp-content\/uploads\/2021\/01\/Signature_pieralexissouliere.png\",\"contentUrl\":\"https:\/\/pasouliereselection.com\/wp-content\/uploads\/2021\/01\/Signature_pieralexissouliere.png\",\"width\":648,\"height\":982,\"caption\":\"P-A Souli\u00e8re S\u00e9lection\"},\"image\":{\"@id\":\"https:\/\/pasouliereselection.com\/#\/schema\/logo\/image\/\"},\"sameAs\":[\"https:\/\/www.facebook.com\/pasouliereselection\"]}]}<\/script>\n<!-- \/ Yoast SEO plugin. -->","yoast_head_json":{"title":"Cuv\u00e9e Saint-Laurent - Quantit\u00e9s limit\u00e9es - SUR DEMANDE SEULEMENT - Pier-Alexis Souli\u00e8re S\u00e9lection","robots":{"index":"index","follow":"follow","max-snippet":"max-snippet:-1","max-image-preview":"max-image-preview:large","max-video-preview":"max-video-preview:-1"},"canonical":"https:\/\/pasouliereselection.com\/fr\/produit\/cuvee-saint-laurent-quantitees-limitees\/","og_locale":"fr_FR","og_type":"article","og_title":"Cuv\u00e9e Saint-Laurent - Quantit\u00e9s limit\u00e9es - SUR DEMANDE SEULEMENT - Pier-Alexis Souli\u00e8re S\u00e9lection","og_description":"CUV\u00c9E SAINT-LAURENT est un projet fou mis sur pied pour red\u00e9couvrir le go\u00fbt du sirop d\u2019\u00e9rable fabriqu\u00e9 \u00e0 l\u2019ancienne. La cabane \u00e0 sucre est situ\u00e9e sur le site le plus historique de la province, la Sucrerie du Cur\u00e9. Pas d\u2019\u00e9lectricit\u00e9! Et en plus de la carboneutralit\u00e9, tout de A \u00e0 Z est fait \u00e0 la main par Pier-Alexis. Le feu de bois et les seaux donnent un sirop d\u2019\u00e9rable encore plus \u00e9pais et savoureux. Ah, le go\u00fbt du bon vieux temps...","og_url":"https:\/\/pasouliereselection.com\/fr\/produit\/cuvee-saint-laurent-quantitees-limitees\/","og_site_name":"Pier-Alexis Souli\u00e8re S\u00e9lection","article_publisher":"https:\/\/www.facebook.com\/pasouliereselection","article_modified_time":"2022-06-01T18:36:12+00:00","og_image":[{"width":800,"height":1406,"url":"https:\/\/pasouliereselection.com\/wp-content\/uploads\/2022\/03\/St-Laurent2022.jpg","type":"image\/jpeg"}],"twitter_card":"summary_large_image","schema":{"@context":"https:\/\/schema.org","@graph":[{"@type":"WebPage","@id":"https:\/\/pasouliereselection.com\/fr\/produit\/cuvee-saint-laurent-quantitees-limitees\/","url":"https:\/\/pasouliereselection.com\/fr\/produit\/cuvee-saint-laurent-quantitees-limitees\/","name":"Cuv\u00e9e Saint-Laurent - Quantit\u00e9s limit\u00e9es - SUR DEMANDE SEULEMENT - Pier-Alexis Souli\u00e8re S\u00e9lection","isPartOf":{"@id":"https:\/\/pasouliereselection.com\/#website"},"primaryImageOfPage":{"@id":"https:\/\/pasouliereselection.com\/fr\/produit\/cuvee-saint-laurent-quantitees-limitees\/#primaryimage"},"image":{"@id":"https:\/\/pasouliereselection.com\/fr\/produit\/cuvee-saint-laurent-quantitees-limitees\/#primaryimage"},"thumbnailUrl":"https:\/\/pasouliereselection.com\/wp-content\/uploads\/2022\/03\/St-Laurent2022.jpg","datePublished":"2022-03-09T15:00:16+00:00","dateModified":"2022-06-01T18:36:12+00:00","breadcrumb":{"@id":"https:\/\/pasouliereselection.com\/fr\/produit\/cuvee-saint-laurent-quantitees-limitees\/#breadcrumb"},"inLanguage":"fr-FR","potentialAction":[{"@type":"ReadAction","target":["https:\/\/pasouliereselection.com\/fr\/produit\/cuvee-saint-laurent-quantitees-limitees\/"]}]},{"@type":"ImageObject","inLanguage":"fr-FR","@id":"https:\/\/pasouliereselection.com\/fr\/produit\/cuvee-saint-laurent-quantitees-limitees\/#primaryimage","url":"https:\/\/pasouliereselection.com\/wp-content\/uploads\/2022\/03\/St-Laurent2022.jpg","contentUrl":"https:\/\/pasouliereselection.com\/wp-content\/uploads\/2022\/03\/St-Laurent2022.jpg","width":800,"height":1406},{"@type":"BreadcrumbList","@id":"https:\/\/pasouliereselection.com\/fr\/produit\/cuvee-saint-laurent-quantitees-limitees\/#breadcrumb","itemListElement":[{"@type":"ListItem","position":1,"name":"Home","item":"https:\/\/pasouliereselection.com\/fr\/"},{"@type":"ListItem","position":2,"name":"P-A Souli\u00e8re S\u00e9lection &#8211; Shop","item":"https:\/\/pasouliereselection.com\/shop\/"},{"@type":"ListItem","position":3,"name":"Cuv\u00e9e Saint-Laurent &#8211; Quantit\u00e9s limit\u00e9es &#8211; SUR DEMANDE SEULEMENT"}]},{"@type":"WebSite","@id":"https:\/\/pasouliereselection.com\/#website","url":"https:\/\/pasouliereselection.com\/","name":"Pier-Alexis Souli\u00e8re S\u00e9lection","description":"Produits de l&#039;\u00e9rable rafin\u00e9s","publisher":{"@id":"https:\/\/pasouliereselection.com\/#organization"},"potentialAction":[{"@type":"SearchAction","target":{"@type":"EntryPoint","urlTemplate":"https:\/\/pasouliereselection.com\/?s={search_term_string}"},"query-input":{"@type":"PropertyValueSpecification","valueRequired":true,"valueName":"search_term_string"}}],"inLanguage":"fr-FR"},{"@type":"Organization","@id":"https:\/\/pasouliereselection.com\/#organization","name":"P-A Souli\u00e8re S\u00e9lection","url":"https:\/\/pasouliereselection.com\/","logo":{"@type":"ImageObject","inLanguage":"fr-FR","@id":"https:\/\/pasouliereselection.com\/#\/schema\/logo\/image\/","url":"https:\/\/pasouliereselection.com\/wp-content\/uploads\/2021\/01\/Signature_pieralexissouliere.png","contentUrl":"https:\/\/pasouliereselection.com\/wp-content\/uploads\/2021\/01\/Signature_pieralexissouliere.png","width":648,"height":982,"caption":"P-A Souli\u00e8re S\u00e9lection"},"image":{"@id":"https:\/\/pasouliereselection.com\/#\/schema\/logo\/image\/"},"sameAs":["https:\/\/www.facebook.com\/pasouliereselection"]}]}},"_links":{"self":[{"href":"https:\/\/pasouliereselection.com\/fr\/wp-json\/wp\/v2\/product\/5864","targetHints":{"allow":["GET"]}}],"collection":[{"href":"https:\/\/pasouliereselection.com\/fr\/wp-json\/wp\/v2\/product"}],"about":[{"href":"https:\/\/pasouliereselection.com\/fr\/wp-json\/wp\/v2\/types\/product"}],"replies":[{"embeddable":true,"href":"https:\/\/pasouliereselection.com\/fr\/wp-json\/wp\/v2\/comments?post=5864"}],"wp:featuredmedia":[{"embeddable":true,"href":"https:\/\/pasouliereselection.com\/fr\/wp-json\/wp\/v2\/media\/5846"}],"wp:attachment":[{"href":"https:\/\/pasouliereselection.com\/fr\/wp-json\/wp\/v2\/media?parent=5864"}],"wp:term":[{"taxonomy":"product_brand","embeddable":true,"href":"https:\/\/pasouliereselection.com\/fr\/wp-json\/wp\/v2\/product_brand?post=5864"},{"taxonomy":"product_cat","embeddable":true,"href":"https:\/\/pasouliereselection.com\/fr\/wp-json\/wp\/v2\/product_cat?post=5864"},{"taxonomy":"product_tag","embeddable":true,"href":"https:\/\/pasouliereselection.com\/fr\/wp-json\/wp\/v2\/product_tag?post=5864"}],"curies":[{"name":"wp","href":"https:\/\/api.w.org\/{rel}","templated":true}]}}