{"id":5860,"date":"2022-03-09T15:15:49","date_gmt":"2022-03-09T15:15:49","guid":{"rendered":"https:\/\/pasouliereselection.com\/produit\/sirop-derable-regulier-en-conserve\/"},"modified":"2022-03-09T15:15:49","modified_gmt":"2022-03-09T15:15:49","slug":"canne-sirop-erable","status":"publish","type":"product","link":"https:\/\/pasouliereselection.com\/fr\/produit\/canne-sirop-erable\/","title":{"rendered":"SIROP D&rsquo;\u00c9RABLE R\u00c9GULIER EN CONSERVE"},"content":{"rendered":"<p>Sirop d&rsquo;\u00e9rable r\u00e9gulier en conserve.<\/p>\n","protected":false},"excerpt":{"rendered":"<p>Sirop d&rsquo;\u00e9rable r\u00e9gulier en conserve.<\/p>\n","protected":false},"featured_media":5853,"comment_status":"open","ping_status":"closed","template":"","meta":{"om_disable_all_campaigns":false,"_monsterinsights_skip_tracking":false,"_monsterinsights_sitenote_active":false,"_monsterinsights_sitenote_note":"","_monsterinsights_sitenote_category":0,"_uf_show_specific_survey":0,"_uf_disable_surveys":false},"product_brand":[],"product_cat":[96,76,81,93],"product_tag":[],"class_list":{"0":"post-5860","1":"product","2":"type-product","3":"status-publish","4":"has-post-thumbnail","6":"product_cat-canne-de-sirop-derable","7":"product_cat-maple-syrup","8":"product_cat-maple-syrup-can","9":"product_cat-sirop-derable","11":"first","12":"instock","13":"shipping-taxable","14":"purchasable","15":"product-type-simple"},"yoast_head":"<!-- This site is optimized with the Yoast SEO plugin v26.8 - https:\/\/yoast.com\/product\/yoast-seo-wordpress\/ -->\n<title>SIROP D&#039;\u00c9RABLE R\u00c9GULIER EN CONSERVE - Pier-Alexis Souli\u00e8re S\u00e9lection<\/title>\n<meta name=\"robots\" content=\"index, follow, max-snippet:-1, max-image-preview:large, max-video-preview:-1\" \/>\n<link rel=\"canonical\" href=\"https:\/\/pasouliereselection.com\/fr\/produit\/canne-sirop-erable\/\" \/>\n<meta property=\"og:locale\" content=\"fr_FR\" \/>\n<meta property=\"og:type\" content=\"article\" \/>\n<meta property=\"og:title\" content=\"SIROP D&#039;\u00c9RABLE R\u00c9GULIER EN CONSERVE - Pier-Alexis Souli\u00e8re S\u00e9lection\" \/>\n<meta property=\"og:description\" content=\"Sirop d&#039;\u00e9rable r\u00e9gulier en conserve.\" \/>\n<meta property=\"og:url\" content=\"https:\/\/pasouliereselection.com\/fr\/produit\/canne-sirop-erable\/\" \/>\n<meta property=\"og:site_name\" content=\"Pier-Alexis Souli\u00e8re S\u00e9lection\" \/>\n<meta property=\"article:publisher\" content=\"https:\/\/www.facebook.com\/pasouliereselection\" \/>\n<meta property=\"og:image\" content=\"https:\/\/pasouliereselection.com\/wp-content\/uploads\/2022\/04\/Canne.jpg\" \/>\n\t<meta property=\"og:image:width\" content=\"800\" \/>\n\t<meta property=\"og:image:height\" content=\"1406\" \/>\n\t<meta property=\"og:image:type\" content=\"image\/jpeg\" \/>\n<meta name=\"twitter:card\" content=\"summary_large_image\" \/>\n<script type=\"application\/ld+json\" class=\"yoast-schema-graph\">{\"@context\":\"https:\/\/schema.org\",\"@graph\":[{\"@type\":\"WebPage\",\"@id\":\"https:\/\/pasouliereselection.com\/fr\/produit\/canne-sirop-erable\/\",\"url\":\"https:\/\/pasouliereselection.com\/fr\/produit\/canne-sirop-erable\/\",\"name\":\"SIROP D'\u00c9RABLE R\u00c9GULIER EN CONSERVE - Pier-Alexis Souli\u00e8re S\u00e9lection\",\"isPartOf\":{\"@id\":\"https:\/\/pasouliereselection.com\/#website\"},\"primaryImageOfPage\":{\"@id\":\"https:\/\/pasouliereselection.com\/fr\/produit\/canne-sirop-erable\/#primaryimage\"},\"image\":{\"@id\":\"https:\/\/pasouliereselection.com\/fr\/produit\/canne-sirop-erable\/#primaryimage\"},\"thumbnailUrl\":\"https:\/\/pasouliereselection.com\/wp-content\/uploads\/2022\/04\/Canne.jpg\",\"datePublished\":\"2022-03-09T15:15:49+00:00\",\"breadcrumb\":{\"@id\":\"https:\/\/pasouliereselection.com\/fr\/produit\/canne-sirop-erable\/#breadcrumb\"},\"inLanguage\":\"fr-FR\",\"potentialAction\":[{\"@type\":\"ReadAction\",\"target\":[\"https:\/\/pasouliereselection.com\/fr\/produit\/canne-sirop-erable\/\"]}]},{\"@type\":\"ImageObject\",\"inLanguage\":\"fr-FR\",\"@id\":\"https:\/\/pasouliereselection.com\/fr\/produit\/canne-sirop-erable\/#primaryimage\",\"url\":\"https:\/\/pasouliereselection.com\/wp-content\/uploads\/2022\/04\/Canne.jpg\",\"contentUrl\":\"https:\/\/pasouliereselection.com\/wp-content\/uploads\/2022\/04\/Canne.jpg\",\"width\":800,\"height\":1406},{\"@type\":\"BreadcrumbList\",\"@id\":\"https:\/\/pasouliereselection.com\/fr\/produit\/canne-sirop-erable\/#breadcrumb\",\"itemListElement\":[{\"@type\":\"ListItem\",\"position\":1,\"name\":\"Home\",\"item\":\"https:\/\/pasouliereselection.com\/fr\/\"},{\"@type\":\"ListItem\",\"position\":2,\"name\":\"P-A Souli\u00e8re S\u00e9lection &#8211; Shop\",\"item\":\"https:\/\/pasouliereselection.com\/shop\/\"},{\"@type\":\"ListItem\",\"position\":3,\"name\":\"SIROP D&rsquo;\u00c9RABLE R\u00c9GULIER EN CONSERVE\"}]},{\"@type\":\"WebSite\",\"@id\":\"https:\/\/pasouliereselection.com\/#website\",\"url\":\"https:\/\/pasouliereselection.com\/\",\"name\":\"Pier-Alexis Souli\u00e8re S\u00e9lection\",\"description\":\"Produits de l&#039;\u00e9rable rafin\u00e9s\",\"publisher\":{\"@id\":\"https:\/\/pasouliereselection.com\/#organization\"},\"potentialAction\":[{\"@type\":\"SearchAction\",\"target\":{\"@type\":\"EntryPoint\",\"urlTemplate\":\"https:\/\/pasouliereselection.com\/?s={search_term_string}\"},\"query-input\":{\"@type\":\"PropertyValueSpecification\",\"valueRequired\":true,\"valueName\":\"search_term_string\"}}],\"inLanguage\":\"fr-FR\"},{\"@type\":\"Organization\",\"@id\":\"https:\/\/pasouliereselection.com\/#organization\",\"name\":\"P-A Souli\u00e8re S\u00e9lection\",\"url\":\"https:\/\/pasouliereselection.com\/\",\"logo\":{\"@type\":\"ImageObject\",\"inLanguage\":\"fr-FR\",\"@id\":\"https:\/\/pasouliereselection.com\/#\/schema\/logo\/image\/\",\"url\":\"https:\/\/pasouliereselection.com\/wp-content\/uploads\/2021\/01\/Signature_pieralexissouliere.png\",\"contentUrl\":\"https:\/\/pasouliereselection.com\/wp-content\/uploads\/2021\/01\/Signature_pieralexissouliere.png\",\"width\":648,\"height\":982,\"caption\":\"P-A Souli\u00e8re S\u00e9lection\"},\"image\":{\"@id\":\"https:\/\/pasouliereselection.com\/#\/schema\/logo\/image\/\"},\"sameAs\":[\"https:\/\/www.facebook.com\/pasouliereselection\"]}]}<\/script>\n<!-- \/ Yoast SEO plugin. -->","yoast_head_json":{"title":"SIROP D'\u00c9RABLE R\u00c9GULIER EN CONSERVE - Pier-Alexis Souli\u00e8re S\u00e9lection","robots":{"index":"index","follow":"follow","max-snippet":"max-snippet:-1","max-image-preview":"max-image-preview:large","max-video-preview":"max-video-preview:-1"},"canonical":"https:\/\/pasouliereselection.com\/fr\/produit\/canne-sirop-erable\/","og_locale":"fr_FR","og_type":"article","og_title":"SIROP D'\u00c9RABLE R\u00c9GULIER EN CONSERVE - Pier-Alexis Souli\u00e8re S\u00e9lection","og_description":"Sirop d'\u00e9rable r\u00e9gulier en conserve.","og_url":"https:\/\/pasouliereselection.com\/fr\/produit\/canne-sirop-erable\/","og_site_name":"Pier-Alexis Souli\u00e8re S\u00e9lection","article_publisher":"https:\/\/www.facebook.com\/pasouliereselection","og_image":[{"width":800,"height":1406,"url":"https:\/\/pasouliereselection.com\/wp-content\/uploads\/2022\/04\/Canne.jpg","type":"image\/jpeg"}],"twitter_card":"summary_large_image","schema":{"@context":"https:\/\/schema.org","@graph":[{"@type":"WebPage","@id":"https:\/\/pasouliereselection.com\/fr\/produit\/canne-sirop-erable\/","url":"https:\/\/pasouliereselection.com\/fr\/produit\/canne-sirop-erable\/","name":"SIROP D'\u00c9RABLE R\u00c9GULIER EN CONSERVE - Pier-Alexis Souli\u00e8re S\u00e9lection","isPartOf":{"@id":"https:\/\/pasouliereselection.com\/#website"},"primaryImageOfPage":{"@id":"https:\/\/pasouliereselection.com\/fr\/produit\/canne-sirop-erable\/#primaryimage"},"image":{"@id":"https:\/\/pasouliereselection.com\/fr\/produit\/canne-sirop-erable\/#primaryimage"},"thumbnailUrl":"https:\/\/pasouliereselection.com\/wp-content\/uploads\/2022\/04\/Canne.jpg","datePublished":"2022-03-09T15:15:49+00:00","breadcrumb":{"@id":"https:\/\/pasouliereselection.com\/fr\/produit\/canne-sirop-erable\/#breadcrumb"},"inLanguage":"fr-FR","potentialAction":[{"@type":"ReadAction","target":["https:\/\/pasouliereselection.com\/fr\/produit\/canne-sirop-erable\/"]}]},{"@type":"ImageObject","inLanguage":"fr-FR","@id":"https:\/\/pasouliereselection.com\/fr\/produit\/canne-sirop-erable\/#primaryimage","url":"https:\/\/pasouliereselection.com\/wp-content\/uploads\/2022\/04\/Canne.jpg","contentUrl":"https:\/\/pasouliereselection.com\/wp-content\/uploads\/2022\/04\/Canne.jpg","width":800,"height":1406},{"@type":"BreadcrumbList","@id":"https:\/\/pasouliereselection.com\/fr\/produit\/canne-sirop-erable\/#breadcrumb","itemListElement":[{"@type":"ListItem","position":1,"name":"Home","item":"https:\/\/pasouliereselection.com\/fr\/"},{"@type":"ListItem","position":2,"name":"P-A Souli\u00e8re S\u00e9lection &#8211; Shop","item":"https:\/\/pasouliereselection.com\/shop\/"},{"@type":"ListItem","position":3,"name":"SIROP D&rsquo;\u00c9RABLE R\u00c9GULIER EN CONSERVE"}]},{"@type":"WebSite","@id":"https:\/\/pasouliereselection.com\/#website","url":"https:\/\/pasouliereselection.com\/","name":"Pier-Alexis Souli\u00e8re S\u00e9lection","description":"Produits de l&#039;\u00e9rable rafin\u00e9s","publisher":{"@id":"https:\/\/pasouliereselection.com\/#organization"},"potentialAction":[{"@type":"SearchAction","target":{"@type":"EntryPoint","urlTemplate":"https:\/\/pasouliereselection.com\/?s={search_term_string}"},"query-input":{"@type":"PropertyValueSpecification","valueRequired":true,"valueName":"search_term_string"}}],"inLanguage":"fr-FR"},{"@type":"Organization","@id":"https:\/\/pasouliereselection.com\/#organization","name":"P-A Souli\u00e8re S\u00e9lection","url":"https:\/\/pasouliereselection.com\/","logo":{"@type":"ImageObject","inLanguage":"fr-FR","@id":"https:\/\/pasouliereselection.com\/#\/schema\/logo\/image\/","url":"https:\/\/pasouliereselection.com\/wp-content\/uploads\/2021\/01\/Signature_pieralexissouliere.png","contentUrl":"https:\/\/pasouliereselection.com\/wp-content\/uploads\/2021\/01\/Signature_pieralexissouliere.png","width":648,"height":982,"caption":"P-A Souli\u00e8re S\u00e9lection"},"image":{"@id":"https:\/\/pasouliereselection.com\/#\/schema\/logo\/image\/"},"sameAs":["https:\/\/www.facebook.com\/pasouliereselection"]}]}},"_links":{"self":[{"href":"https:\/\/pasouliereselection.com\/fr\/wp-json\/wp\/v2\/product\/5860","targetHints":{"allow":["GET"]}}],"collection":[{"href":"https:\/\/pasouliereselection.com\/fr\/wp-json\/wp\/v2\/product"}],"about":[{"href":"https:\/\/pasouliereselection.com\/fr\/wp-json\/wp\/v2\/types\/product"}],"replies":[{"embeddable":true,"href":"https:\/\/pasouliereselection.com\/fr\/wp-json\/wp\/v2\/comments?post=5860"}],"wp:featuredmedia":[{"embeddable":true,"href":"https:\/\/pasouliereselection.com\/fr\/wp-json\/wp\/v2\/media\/5853"}],"wp:attachment":[{"href":"https:\/\/pasouliereselection.com\/fr\/wp-json\/wp\/v2\/media?parent=5860"}],"wp:term":[{"taxonomy":"product_brand","embeddable":true,"href":"https:\/\/pasouliereselection.com\/fr\/wp-json\/wp\/v2\/product_brand?post=5860"},{"taxonomy":"product_cat","embeddable":true,"href":"https:\/\/pasouliereselection.com\/fr\/wp-json\/wp\/v2\/product_cat?post=5860"},{"taxonomy":"product_tag","embeddable":true,"href":"https:\/\/pasouliereselection.com\/fr\/wp-json\/wp\/v2\/product_tag?post=5860"}],"curies":[{"name":"wp","href":"https:\/\/api.w.org\/{rel}","templated":true}]}}