{"id":5879,"date":"2019-08-22T09:48:13","date_gmt":"2019-08-22T09:48:13","guid":{"rendered":"https:\/\/pasouliereselection.com\/aperitif-shop\/"},"modified":"2019-08-22T09:48:13","modified_gmt":"2019-08-22T09:48:13","slug":"aperitif-shop","status":"publish","type":"page","link":"https:\/\/pasouliereselection.com\/fr\/aperitif-shop\/","title":{"rendered":"Aperitif Shop"},"content":{"rendered":"","protected":false},"excerpt":{"rendered":"","protected":false},"author":1,"featured_media":0,"parent":0,"menu_order":0,"comment_status":"closed","ping_status":"closed","template":"","meta":{"om_disable_all_campaigns":false,"_monsterinsights_skip_tracking":false,"_monsterinsights_sitenote_active":false,"_monsterinsights_sitenote_note":"","_monsterinsights_sitenote_category":0,"_uf_show_specific_survey":0,"_uf_disable_surveys":false,"footnotes":""},"class_list":["post-5879","page","type-page","status-publish","hentry"],"yoast_head":"<!-- This site is optimized with the Yoast SEO plugin v26.8 - https:\/\/yoast.com\/product\/yoast-seo-wordpress\/ -->\n<title>Aperitif Shop - Pier-Alexis Souli\u00e8re S\u00e9lection<\/title>\n<meta name=\"robots\" content=\"index, follow, max-snippet:-1, max-image-preview:large, max-video-preview:-1\" \/>\n<link rel=\"canonical\" href=\"https:\/\/pasouliereselection.com\/fr\/aperitif-shop\/\" \/>\n<meta property=\"og:locale\" content=\"fr_FR\" \/>\n<meta property=\"og:type\" content=\"article\" \/>\n<meta property=\"og:title\" content=\"Aperitif Shop - Pier-Alexis Souli\u00e8re S\u00e9lection\" \/>\n<meta property=\"og:url\" content=\"https:\/\/pasouliereselection.com\/fr\/aperitif-shop\/\" \/>\n<meta property=\"og:site_name\" content=\"Pier-Alexis Souli\u00e8re S\u00e9lection\" \/>\n<meta property=\"article:publisher\" content=\"https:\/\/www.facebook.com\/pasouliereselection\" \/>\n<meta name=\"twitter:card\" content=\"summary_large_image\" \/>\n<script type=\"application\/ld+json\" class=\"yoast-schema-graph\">{\"@context\":\"https:\/\/schema.org\",\"@graph\":[{\"@type\":\"WebPage\",\"@id\":\"https:\/\/pasouliereselection.com\/fr\/aperitif-shop\/\",\"url\":\"https:\/\/pasouliereselection.com\/fr\/aperitif-shop\/\",\"name\":\"Aperitif Shop - Pier-Alexis Souli\u00e8re S\u00e9lection\",\"isPartOf\":{\"@id\":\"https:\/\/pasouliereselection.com\/#website\"},\"datePublished\":\"2019-08-22T09:48:13+00:00\",\"breadcrumb\":{\"@id\":\"https:\/\/pasouliereselection.com\/fr\/aperitif-shop\/#breadcrumb\"},\"inLanguage\":\"fr-FR\",\"potentialAction\":[{\"@type\":\"ReadAction\",\"target\":[\"https:\/\/pasouliereselection.com\/fr\/aperitif-shop\/\"]}]},{\"@type\":\"BreadcrumbList\",\"@id\":\"https:\/\/pasouliereselection.com\/fr\/aperitif-shop\/#breadcrumb\",\"itemListElement\":[{\"@type\":\"ListItem\",\"position\":1,\"name\":\"Home\",\"item\":\"https:\/\/pasouliereselection.com\/fr\/\"},{\"@type\":\"ListItem\",\"position\":2,\"name\":\"Aperitif Shop\"}]},{\"@type\":\"WebSite\",\"@id\":\"https:\/\/pasouliereselection.com\/#website\",\"url\":\"https:\/\/pasouliereselection.com\/\",\"name\":\"Pier-Alexis Souli\u00e8re S\u00e9lection\",\"description\":\"Produits de l&#039;\u00e9rable rafin\u00e9s\",\"publisher\":{\"@id\":\"https:\/\/pasouliereselection.com\/#organization\"},\"potentialAction\":[{\"@type\":\"SearchAction\",\"target\":{\"@type\":\"EntryPoint\",\"urlTemplate\":\"https:\/\/pasouliereselection.com\/?s={search_term_string}\"},\"query-input\":{\"@type\":\"PropertyValueSpecification\",\"valueRequired\":true,\"valueName\":\"search_term_string\"}}],\"inLanguage\":\"fr-FR\"},{\"@type\":\"Organization\",\"@id\":\"https:\/\/pasouliereselection.com\/#organization\",\"name\":\"P-A Souli\u00e8re S\u00e9lection\",\"url\":\"https:\/\/pasouliereselection.com\/\",\"logo\":{\"@type\":\"ImageObject\",\"inLanguage\":\"fr-FR\",\"@id\":\"https:\/\/pasouliereselection.com\/#\/schema\/logo\/image\/\",\"url\":\"https:\/\/pasouliereselection.com\/wp-content\/uploads\/2021\/01\/Signature_pieralexissouliere.png\",\"contentUrl\":\"https:\/\/pasouliereselection.com\/wp-content\/uploads\/2021\/01\/Signature_pieralexissouliere.png\",\"width\":648,\"height\":982,\"caption\":\"P-A Souli\u00e8re S\u00e9lection\"},\"image\":{\"@id\":\"https:\/\/pasouliereselection.com\/#\/schema\/logo\/image\/\"},\"sameAs\":[\"https:\/\/www.facebook.com\/pasouliereselection\"]}]}<\/script>\n<!-- \/ Yoast SEO plugin. -->","yoast_head_json":{"title":"Aperitif Shop - Pier-Alexis Souli\u00e8re S\u00e9lection","robots":{"index":"index","follow":"follow","max-snippet":"max-snippet:-1","max-image-preview":"max-image-preview:large","max-video-preview":"max-video-preview:-1"},"canonical":"https:\/\/pasouliereselection.com\/fr\/aperitif-shop\/","og_locale":"fr_FR","og_type":"article","og_title":"Aperitif Shop - Pier-Alexis Souli\u00e8re S\u00e9lection","og_url":"https:\/\/pasouliereselection.com\/fr\/aperitif-shop\/","og_site_name":"Pier-Alexis Souli\u00e8re S\u00e9lection","article_publisher":"https:\/\/www.facebook.com\/pasouliereselection","twitter_card":"summary_large_image","schema":{"@context":"https:\/\/schema.org","@graph":[{"@type":"WebPage","@id":"https:\/\/pasouliereselection.com\/fr\/aperitif-shop\/","url":"https:\/\/pasouliereselection.com\/fr\/aperitif-shop\/","name":"Aperitif Shop - Pier-Alexis Souli\u00e8re S\u00e9lection","isPartOf":{"@id":"https:\/\/pasouliereselection.com\/#website"},"datePublished":"2019-08-22T09:48:13+00:00","breadcrumb":{"@id":"https:\/\/pasouliereselection.com\/fr\/aperitif-shop\/#breadcrumb"},"inLanguage":"fr-FR","potentialAction":[{"@type":"ReadAction","target":["https:\/\/pasouliereselection.com\/fr\/aperitif-shop\/"]}]},{"@type":"BreadcrumbList","@id":"https:\/\/pasouliereselection.com\/fr\/aperitif-shop\/#breadcrumb","itemListElement":[{"@type":"ListItem","position":1,"name":"Home","item":"https:\/\/pasouliereselection.com\/fr\/"},{"@type":"ListItem","position":2,"name":"Aperitif Shop"}]},{"@type":"WebSite","@id":"https:\/\/pasouliereselection.com\/#website","url":"https:\/\/pasouliereselection.com\/","name":"Pier-Alexis Souli\u00e8re S\u00e9lection","description":"Produits de l&#039;\u00e9rable rafin\u00e9s","publisher":{"@id":"https:\/\/pasouliereselection.com\/#organization"},"potentialAction":[{"@type":"SearchAction","target":{"@type":"EntryPoint","urlTemplate":"https:\/\/pasouliereselection.com\/?s={search_term_string}"},"query-input":{"@type":"PropertyValueSpecification","valueRequired":true,"valueName":"search_term_string"}}],"inLanguage":"fr-FR"},{"@type":"Organization","@id":"https:\/\/pasouliereselection.com\/#organization","name":"P-A Souli\u00e8re S\u00e9lection","url":"https:\/\/pasouliereselection.com\/","logo":{"@type":"ImageObject","inLanguage":"fr-FR","@id":"https:\/\/pasouliereselection.com\/#\/schema\/logo\/image\/","url":"https:\/\/pasouliereselection.com\/wp-content\/uploads\/2021\/01\/Signature_pieralexissouliere.png","contentUrl":"https:\/\/pasouliereselection.com\/wp-content\/uploads\/2021\/01\/Signature_pieralexissouliere.png","width":648,"height":982,"caption":"P-A Souli\u00e8re S\u00e9lection"},"image":{"@id":"https:\/\/pasouliereselection.com\/#\/schema\/logo\/image\/"},"sameAs":["https:\/\/www.facebook.com\/pasouliereselection"]}]}},"_links":{"self":[{"href":"https:\/\/pasouliereselection.com\/fr\/wp-json\/wp\/v2\/pages\/5879","targetHints":{"allow":["GET"]}}],"collection":[{"href":"https:\/\/pasouliereselection.com\/fr\/wp-json\/wp\/v2\/pages"}],"about":[{"href":"https:\/\/pasouliereselection.com\/fr\/wp-json\/wp\/v2\/types\/page"}],"author":[{"embeddable":true,"href":"https:\/\/pasouliereselection.com\/fr\/wp-json\/wp\/v2\/users\/1"}],"replies":[{"embeddable":true,"href":"https:\/\/pasouliereselection.com\/fr\/wp-json\/wp\/v2\/comments?post=5879"}],"version-history":[{"count":0,"href":"https:\/\/pasouliereselection.com\/fr\/wp-json\/wp\/v2\/pages\/5879\/revisions"}],"wp:attachment":[{"href":"https:\/\/pasouliereselection.com\/fr\/wp-json\/wp\/v2\/media?parent=5879"}],"curies":[{"name":"wp","href":"https:\/\/api.w.org\/{rel}","templated":true}]}}