{"id":5876,"date":"2019-09-06T13:16:30","date_gmt":"2019-09-06T13:16:30","guid":{"rendered":"https:\/\/pasouliereselection.com\/contactez-nous\/"},"modified":"2022-05-26T01:29:43","modified_gmt":"2022-05-26T01:29:43","slug":"contactez-nous","status":"publish","type":"page","link":"https:\/\/pasouliereselection.com\/fr\/contactez-nous\/","title":{"rendered":"Contactez-Nous"},"content":{"rendered":"<section class=\"wpb-content-wrapper\"><p>[vc_row content_placement=\u00a0\u00bbmiddle\u00a0\u00bb row_content_width=\u00a0\u00bbgrid\u00a0\u00bb content_text_alignment=\u00a0\u00bbleft\u00a0\u00bb css=\u00a0\u00bb.vc_custom_1647541248535{padding-top: 50px !important;}\u00a0\u00bb][vc_column width=\u00a0\u00bb1\/2&Prime;]<div class=\"qodef-shortcode qodef-m  qodef-section-title qodef-alignment--left \">\n\t\t<h5 class=\"qodef-m-title\" style=\"color: #2b2824\">\n\t\tP-A Souli\u00e8re S\u00e9lection LTD.\t\t<\/h5>\n\t\t<\/div>[vc_empty_space height=\u00a0\u00bb22px\u00a0\u00bb]<div class=\"qodef-shortcode qodef-m  qodef-icon-with-text qodef-layout--before-content qodef--icon-pack\">\n\t<div class=\"qodef-m-icon-wrapper\">\n\t\t<span class=\"qodef-shortcode qodef-m  qodef-icon-holder qodef-size--default qodef-layout--normal\"  style=\"color: #c8693a\">\t\t\t<a itemprop=\"url\" href=\"https:\/\/www.google.com\/maps?ll=46.202556,-71.618167&#038;z=8&#038;t=m&#038;hl=fr&#038;gl=CA&#038;mapclient=embed\" target=\"_blank\">        <span class=\"qodef-icon-linea-icons icon-basic-geolocalize-05 qodef-icon qodef-e\" style=\"font-size:21px\" ><\/span>            <\/a>\t<\/span>\t<\/div>\n\t<div class=\"qodef-m-content\">\n\t\t\t\t\t\t\t<a itemprop=\"url\" href=\"https:\/\/www.google.com\/maps?ll=46.202556,-71.618167&#038;z=8&#038;t=m&#038;hl=fr&#038;gl=CA&#038;mapclient=embed\" target=\"_blank\">\n\t\t<p class=\"qodef-m-text\" style=\"margin-top: -2px;color: #817c7b\">510 Rte de l&#039;\u00c9glise, Saint-Pierre-Baptiste, QC G0P 1K0<\/p>\n\t\t\t<\/a>\n\t\t<\/div>\n<\/div>[vc_empty_space height=\u00a0\u00bb10px\u00a0\u00bb]<div class=\"qodef-shortcode qodef-m  qodef-icon-with-text qodef-layout--before-content qodef--icon-pack\">\n\t<div class=\"qodef-m-icon-wrapper\">\n\t\t<span class=\"qodef-shortcode qodef-m  qodef-icon-holder qodef-size--default qodef-layout--normal\"  style=\"color: #c8693a\">\t\t\t<a itemprop=\"url\" href=\"mailto:info@pasouliere.com\" target=\"_blank\">        <span class=\"qodef-icon-linea-icons icon-basic-mail qodef-icon qodef-e\" style=\"font-size:21px\" ><\/span>            <\/a>\t<\/span>\t<\/div>\n\t<div class=\"qodef-m-content\">\n\t\t\t\t\t\t\t<a itemprop=\"url\" href=\"mailto:info@pasouliere.com\" target=\"_blank\">\n\t\t<p class=\"qodef-m-text\" style=\"margin-top: -2px;color: #817c7b\">info@pasouliere.com<\/p>\n\t\t\t<\/a>\n\t\t<\/div>\n<\/div>[vc_empty_space height=\u00a0\u00bb50px\u00a0\u00bb]<span class=\"qodef-shortcode qodef-m  qodef-icon-holder qodef-size--default qodef-layout--square\" data-hover-color=\"#ffffff\" data-hover-background-color=\"#d77647\" data-hover-border-color=\"#d77647\" style=\"margin: 0 10px 0 0;width: 33px;height: 33px;line-height: 33px;background-color: #ffffff;border-style: solid;border-color: #d1d1d1;border-width: 1px;color: #d77647\">\n\t\t\t<a itemprop=\"url\" href=\"https:\/\/facebook.com\/pasouliere\" target=\"_blank\">\n        <span class=\"qodef-icon-elegant-icons social_facebook qodef-icon qodef-e\" style=\"font-size:14px\" ><\/span>            <\/a>\n\t<\/span><span class=\"qodef-shortcode qodef-m  qodef-icon-holder qodef-size--default qodef-layout--square\" data-hover-color=\"#ffffff\" data-hover-background-color=\"#d77647\" data-hover-border-color=\"#d77647\" style=\"margin: 0 10px 0 0;width: 33px;height: 33px;line-height: 33px;background-color: #ffffff;border-style: solid;border-color: #d1d1d1;border-width: 1px;color: #d77647\">\n\t\t\t<a itemprop=\"url\" href=\"https:\/\/www.linkedin.com\/in\/pier-alexis-souli%C3%A8re-ms-00300463\/\" target=\"_blank\">\n        <span class=\"qodef-icon-elegant-icons social_linkedin qodef-icon qodef-e\" style=\"font-size:14px\" ><\/span>            <\/a>\n\t<\/span><span class=\"qodef-shortcode qodef-m  qodef-icon-holder qodef-size--default qodef-layout--square\" data-hover-color=\"#ffffff\" data-hover-background-color=\"#d77647\" data-hover-border-color=\"#d77647\" style=\"margin: 0 10px 0 0;width: 33px;height: 33px;line-height: 33px;background-color: #ffffff;border-style: solid;border-color: #d1d1d1;border-width: 1px;color: #d77647\">\n\t\t\t<a itemprop=\"url\" href=\"https:\/\/www.instagram.com\/pasouliereselection\/\" target=\"_blank\">\n        <span class=\"qodef-icon-elegant-icons social_instagram qodef-icon qodef-e\" style=\"font-size:14px\" ><\/span>            <\/a>\n\t<\/span><div class=\"qodef-shortcode qodef-m  qodef-separator clear \">\n\t<div class=\"qodef-m-line\" style=\"margin-top: 10px;margin-bottom: 10px\"><\/div>\n<\/div><a class=\"qodef-shortcode qodef-m  qodef-button qodef-layout--filled  qodef-html--link\" href=\"https:\/\/pasouliereselection.com\/shop\/\" target=\"\" data-hover-color=\"#ffffff\" data-hover-background-color=\"#d68b66\" style=\"color: #ffffff;background-color: #d77647\"><span class=\"qodef-m-text\">Magasinez maintenant!<\/span><\/a>[\/vc_column][vc_column width=\u00a0\u00bb1\/2&Prime; css=\u00a0\u00bb.vc_custom_1647530535391{padding-top: 130px !important;}\u00a0\u00bb][vc_gmaps link=\u00a0\u00bb#E-8_JTNDaWZyYW1lJTIwc3JjJTNEJTIyaHR0cHMlM0ElMkYlMkZ3d3cuZ29vZ2xlLmNvbSUyRm1hcHMlMkZlbWJlZCUzRnBiJTNEJTIxMW0xOCUyMTFtMTIlMjExbTMlMjExZDEwMTEyMzEuMjMyNDc3ODQwNyUyMTJkLTcyLjI0NTUyMjY2OTIwOTk5JTIxM2Q0Ni4zNjcxNDMyMzE1NjUxNCUyMTJtMyUyMTFmMCUyMTJmMCUyMTNmMCUyMTNtMiUyMTFpMTAyNCUyMTJpNzY4JTIxNGYxMy4xJTIxM20zJTIxMW0yJTIxMXMweDAlMjUzQTB4YjllOTNlMDdlNjA4ODZiMiUyMTJ6TkRiQ3NERXlKekE1TGpJaVRpQTNNY0t3TXpjbk1EVXVOQ0pYJTIxNWUwJTIxM20yJTIxMXNmciUyMTJzY2ElMjE0djE2NDc1Mjg1NzgxNTglMjE1bTIlMjExc2ZyJTIxMnNjYSUyMiUyMHdpZHRoJTNEJTIyNjAwJTIyJTIwaGVpZ2h0JTNEJTIyNDUwJTIyJTIwc3R5bGUlM0QlMjJib3JkZXIlM0EwJTNCJTIyJTIwYWxsb3dmdWxsc2NyZWVuJTNEJTIyJTIyJTIwbG9hZGluZyUzRCUyMmxhenklMjIlM0UlM0MlMkZpZnJhbWUlM0U=\u00a0\u00bb][\/vc_column][\/vc_row][vc_row css=\u00a0\u00bb.vc_custom_1647528615839{padding-bottom: 130px !important;}\u00a0\u00bb][vc_column][vc_raw_html]JTVCaW5zdGFncmFtLWZlZWQlMjBmZWVkJTNEMyU1RA==[\/vc_raw_html][\/vc_column][\/vc_row]<\/p>\n<\/section>","protected":false},"excerpt":{"rendered":"<p>[vc_row content_placement=\u00a0\u00bbmiddle\u00a0\u00bb row_content_width=\u00a0\u00bbgrid\u00a0\u00bb content_text_alignment=\u00a0\u00bbleft\u00a0\u00bb css=\u00a0\u00bb.vc_custom_1647541248535{padding-top: 50px !important;}\u00a0\u00bb][vc_column width=\u00a0\u00bb1\/2&Prime;][vc_empty_space height=\u00a0\u00bb22px\u00a0\u00bb][vc_empty_space height=\u00a0\u00bb10px\u00a0\u00bb][vc_empty_space height=\u00a0\u00bb50px\u00a0\u00bb][\/vc_column][vc_column width=\u00a0\u00bb1\/2&Prime; css=\u00a0\u00bb.vc_custom_1647530535391{padding-top: 130px !important;}\u00a0\u00bb][vc_gmaps link=\u00a0\u00bb#E-8_JTNDaWZyYW1lJTIwc3JjJTNEJTIyaHR0cHMlM0ElMkYlMkZ3d3cuZ29vZ2xlLmNvbSUyRm1hcHMlMkZlbWJlZCUzRnBiJTNEJTIxMW0xOCUyMTFtMTIlMjExbTMlMjExZDEwMTEyMzEuMjMyNDc3ODQwNyUyMTJkLTcyLjI0NTUyMjY2OTIwOTk5JTIxM2Q0Ni4zNjcxNDMyMzE1NjUxNCUyMTJtMyUyMTFmMCUyMTJmMCUyMTNmMCUyMTNtMiUyMTFpMTAyNCUyMTJpNzY4JTIxNGYxMy4xJTIxM20zJTIxMW0yJTIxMXMweDAlMjUzQTB4YjllOTNlMDdlNjA4ODZiMiUyMTJ6TkRiQ3NERXlKekE1TGpJaVRpQTNNY0t3TXpjbk1EVXVOQ0pYJTIxNWUwJTIxM20yJTIxMXNmciUyMTJzY2ElMjE0djE2NDc1Mjg1NzgxNTglMjE1bTIlMjExc2ZyJTIxMnNjYSUyMiUyMHdpZHRoJTNEJTIyNjAwJTIyJTIwaGVpZ2h0JTNEJTIyNDUwJTIyJTIwc3R5bGUlM0QlMjJib3JkZXIlM0EwJTNCJTIyJTIwYWxsb3dmdWxsc2NyZWVuJTNEJTIyJTIyJTIwbG9hZGluZyUzRCUyMmxhenklMjIlM0UlM0MlMkZpZnJhbWUlM0U=\u00a0\u00bb][\/vc_column][\/vc_row][vc_row css=\u00a0\u00bb.vc_custom_1647528615839{padding-bottom: 130px !important;}\u00a0\u00bb][vc_column][vc_raw_html]JTVCaW5zdGFncmFtLWZlZWQlMjBmZWVkJTNEMyU1RA==[\/vc_raw_html][\/vc_column][\/vc_row]<\/p>\n","protected":false},"author":1,"featured_media":0,"parent":0,"menu_order":0,"comment_status":"closed","ping_status":"closed","template":"page-full-width.php","meta":{"om_disable_all_campaigns":false,"_monsterinsights_skip_tracking":false,"_monsterinsights_sitenote_active":false,"_monsterinsights_sitenote_note":"","_monsterinsights_sitenote_category":0,"_uf_show_specific_survey":0,"_uf_disable_surveys":false,"footnotes":""},"class_list":["post-5876","page","type-page","status-publish","hentry"],"yoast_head":"<!-- This site is optimized with the Yoast SEO plugin v26.8 - https:\/\/yoast.com\/product\/yoast-seo-wordpress\/ -->\n<title>Contactez-Nous - Pier-Alexis Souli\u00e8re S\u00e9lection<\/title>\n<meta name=\"robots\" content=\"index, follow, max-snippet:-1, max-image-preview:large, max-video-preview:-1\" \/>\n<link rel=\"canonical\" href=\"https:\/\/pasouliereselection.com\/fr\/contactez-nous\/\" \/>\n<meta property=\"og:locale\" content=\"fr_FR\" \/>\n<meta property=\"og:type\" content=\"article\" \/>\n<meta property=\"og:title\" content=\"Contactez-Nous - Pier-Alexis Souli\u00e8re S\u00e9lection\" \/>\n<meta property=\"og:description\" content=\"[vc_row content_placement=\u00a0\u00bbmiddle\u00a0\u00bb row_content_width=\u00a0\u00bbgrid\u00a0\u00bb content_text_alignment=\u00a0\u00bbleft\u00a0\u00bb css=\u00a0\u00bb.vc_custom_1647541248535{padding-top: 50px !important;}\u00a0\u00bb][vc_column width=\u00a0\u00bb1\/2&Prime;][vc_empty_space height=\u00a0\u00bb22px\u00a0\u00bb][vc_empty_space height=\u00a0\u00bb10px\u00a0\u00bb][vc_empty_space height=\u00a0\u00bb50px\u00a0\u00bb][\/vc_column][vc_column width=\u00a0\u00bb1\/2&Prime; css=\u00a0\u00bb.vc_custom_1647530535391{padding-top: 130px !important;}\u00a0\u00bb][vc_gmaps link=\u00a0\u00bb#E-8_JTNDaWZyYW1lJTIwc3JjJTNEJTIyaHR0cHMlM0ElMkYlMkZ3d3cuZ29vZ2xlLmNvbSUyRm1hcHMlMkZlbWJlZCUzRnBiJTNEJTIxMW0xOCUyMTFtMTIlMjExbTMlMjExZDEwMTEyMzEuMjMyNDc3ODQwNyUyMTJkLTcyLjI0NTUyMjY2OTIwOTk5JTIxM2Q0Ni4zNjcxNDMyMzE1NjUxNCUyMTJtMyUyMTFmMCUyMTJmMCUyMTNmMCUyMTNtMiUyMTFpMTAyNCUyMTJpNzY4JTIxNGYxMy4xJTIxM20zJTIxMW0yJTIxMXMweDAlMjUzQTB4YjllOTNlMDdlNjA4ODZiMiUyMTJ6TkRiQ3NERXlKekE1TGpJaVRpQTNNY0t3TXpjbk1EVXVOQ0pYJTIxNWUwJTIxM20yJTIxMXNmciUyMTJzY2ElMjE0djE2NDc1Mjg1NzgxNTglMjE1bTIlMjExc2ZyJTIxMnNjYSUyMiUyMHdpZHRoJTNEJTIyNjAwJTIyJTIwaGVpZ2h0JTNEJTIyNDUwJTIyJTIwc3R5bGUlM0QlMjJib3JkZXIlM0EwJTNCJTIyJTIwYWxsb3dmdWxsc2NyZWVuJTNEJTIyJTIyJTIwbG9hZGluZyUzRCUyMmxhenklMjIlM0UlM0MlMkZpZnJhbWUlM0U=\u00a0\u00bb][\/vc_column][\/vc_row][vc_row css=\u00a0\u00bb.vc_custom_1647528615839{padding-bottom: 130px !important;}\u00a0\u00bb][vc_column][vc_raw_html]JTVCaW5zdGFncmFtLWZlZWQlMjBmZWVkJTNEMyU1RA==[\/vc_raw_html][\/vc_column][\/vc_row]\" \/>\n<meta property=\"og:url\" content=\"https:\/\/pasouliereselection.com\/fr\/contactez-nous\/\" \/>\n<meta property=\"og:site_name\" content=\"Pier-Alexis Souli\u00e8re S\u00e9lection\" \/>\n<meta property=\"article:publisher\" content=\"https:\/\/www.facebook.com\/pasouliereselection\" \/>\n<meta property=\"article:modified_time\" content=\"2022-05-26T01:29:43+00:00\" \/>\n<meta name=\"twitter:card\" content=\"summary_large_image\" \/>\n<meta name=\"twitter:label1\" content=\"Dur\u00e9e de lecture estim\u00e9e\" \/>\n\t<meta name=\"twitter:data1\" content=\"2 minutes\" \/>\n<script type=\"application\/ld+json\" class=\"yoast-schema-graph\">{\"@context\":\"https:\/\/schema.org\",\"@graph\":[{\"@type\":\"WebPage\",\"@id\":\"https:\/\/pasouliereselection.com\/fr\/contactez-nous\/\",\"url\":\"https:\/\/pasouliereselection.com\/fr\/contactez-nous\/\",\"name\":\"Contactez-Nous - Pier-Alexis Souli\u00e8re S\u00e9lection\",\"isPartOf\":{\"@id\":\"https:\/\/pasouliereselection.com\/#website\"},\"datePublished\":\"2019-09-06T13:16:30+00:00\",\"dateModified\":\"2022-05-26T01:29:43+00:00\",\"breadcrumb\":{\"@id\":\"https:\/\/pasouliereselection.com\/fr\/contactez-nous\/#breadcrumb\"},\"inLanguage\":\"fr-FR\",\"potentialAction\":[{\"@type\":\"ReadAction\",\"target\":[\"https:\/\/pasouliereselection.com\/fr\/contactez-nous\/\"]}]},{\"@type\":\"BreadcrumbList\",\"@id\":\"https:\/\/pasouliereselection.com\/fr\/contactez-nous\/#breadcrumb\",\"itemListElement\":[{\"@type\":\"ListItem\",\"position\":1,\"name\":\"Home\",\"item\":\"https:\/\/pasouliereselection.com\/fr\/\"},{\"@type\":\"ListItem\",\"position\":2,\"name\":\"Contactez-Nous\"}]},{\"@type\":\"WebSite\",\"@id\":\"https:\/\/pasouliereselection.com\/#website\",\"url\":\"https:\/\/pasouliereselection.com\/\",\"name\":\"Pier-Alexis Souli\u00e8re S\u00e9lection\",\"description\":\"Produits de l&#039;\u00e9rable rafin\u00e9s\",\"publisher\":{\"@id\":\"https:\/\/pasouliereselection.com\/#organization\"},\"potentialAction\":[{\"@type\":\"SearchAction\",\"target\":{\"@type\":\"EntryPoint\",\"urlTemplate\":\"https:\/\/pasouliereselection.com\/?s={search_term_string}\"},\"query-input\":{\"@type\":\"PropertyValueSpecification\",\"valueRequired\":true,\"valueName\":\"search_term_string\"}}],\"inLanguage\":\"fr-FR\"},{\"@type\":\"Organization\",\"@id\":\"https:\/\/pasouliereselection.com\/#organization\",\"name\":\"P-A Souli\u00e8re S\u00e9lection\",\"url\":\"https:\/\/pasouliereselection.com\/\",\"logo\":{\"@type\":\"ImageObject\",\"inLanguage\":\"fr-FR\",\"@id\":\"https:\/\/pasouliereselection.com\/#\/schema\/logo\/image\/\",\"url\":\"https:\/\/pasouliereselection.com\/wp-content\/uploads\/2021\/01\/Signature_pieralexissouliere.png\",\"contentUrl\":\"https:\/\/pasouliereselection.com\/wp-content\/uploads\/2021\/01\/Signature_pieralexissouliere.png\",\"width\":648,\"height\":982,\"caption\":\"P-A Souli\u00e8re S\u00e9lection\"},\"image\":{\"@id\":\"https:\/\/pasouliereselection.com\/#\/schema\/logo\/image\/\"},\"sameAs\":[\"https:\/\/www.facebook.com\/pasouliereselection\"]}]}<\/script>\n<!-- \/ Yoast SEO plugin. -->","yoast_head_json":{"title":"Contactez-Nous - Pier-Alexis Souli\u00e8re S\u00e9lection","robots":{"index":"index","follow":"follow","max-snippet":"max-snippet:-1","max-image-preview":"max-image-preview:large","max-video-preview":"max-video-preview:-1"},"canonical":"https:\/\/pasouliereselection.com\/fr\/contactez-nous\/","og_locale":"fr_FR","og_type":"article","og_title":"Contactez-Nous - Pier-Alexis Souli\u00e8re S\u00e9lection","og_description":"[vc_row content_placement=\u00a0\u00bbmiddle\u00a0\u00bb row_content_width=\u00a0\u00bbgrid\u00a0\u00bb content_text_alignment=\u00a0\u00bbleft\u00a0\u00bb css=\u00a0\u00bb.vc_custom_1647541248535{padding-top: 50px !important;}\u00a0\u00bb][vc_column width=\u00a0\u00bb1\/2&Prime;][vc_empty_space height=\u00a0\u00bb22px\u00a0\u00bb][vc_empty_space height=\u00a0\u00bb10px\u00a0\u00bb][vc_empty_space height=\u00a0\u00bb50px\u00a0\u00bb][\/vc_column][vc_column width=\u00a0\u00bb1\/2&Prime; css=\u00a0\u00bb.vc_custom_1647530535391{padding-top: 130px !important;}\u00a0\u00bb][vc_gmaps link=\u00a0\u00bb#E-8_JTNDaWZyYW1lJTIwc3JjJTNEJTIyaHR0cHMlM0ElMkYlMkZ3d3cuZ29vZ2xlLmNvbSUyRm1hcHMlMkZlbWJlZCUzRnBiJTNEJTIxMW0xOCUyMTFtMTIlMjExbTMlMjExZDEwMTEyMzEuMjMyNDc3ODQwNyUyMTJkLTcyLjI0NTUyMjY2OTIwOTk5JTIxM2Q0Ni4zNjcxNDMyMzE1NjUxNCUyMTJtMyUyMTFmMCUyMTJmMCUyMTNmMCUyMTNtMiUyMTFpMTAyNCUyMTJpNzY4JTIxNGYxMy4xJTIxM20zJTIxMW0yJTIxMXMweDAlMjUzQTB4YjllOTNlMDdlNjA4ODZiMiUyMTJ6TkRiQ3NERXlKekE1TGpJaVRpQTNNY0t3TXpjbk1EVXVOQ0pYJTIxNWUwJTIxM20yJTIxMXNmciUyMTJzY2ElMjE0djE2NDc1Mjg1NzgxNTglMjE1bTIlMjExc2ZyJTIxMnNjYSUyMiUyMHdpZHRoJTNEJTIyNjAwJTIyJTIwaGVpZ2h0JTNEJTIyNDUwJTIyJTIwc3R5bGUlM0QlMjJib3JkZXIlM0EwJTNCJTIyJTIwYWxsb3dmdWxsc2NyZWVuJTNEJTIyJTIyJTIwbG9hZGluZyUzRCUyMmxhenklMjIlM0UlM0MlMkZpZnJhbWUlM0U=\u00a0\u00bb][\/vc_column][\/vc_row][vc_row css=\u00a0\u00bb.vc_custom_1647528615839{padding-bottom: 130px !important;}\u00a0\u00bb][vc_column][vc_raw_html]JTVCaW5zdGFncmFtLWZlZWQlMjBmZWVkJTNEMyU1RA==[\/vc_raw_html][\/vc_column][\/vc_row]","og_url":"https:\/\/pasouliereselection.com\/fr\/contactez-nous\/","og_site_name":"Pier-Alexis Souli\u00e8re S\u00e9lection","article_publisher":"https:\/\/www.facebook.com\/pasouliereselection","article_modified_time":"2022-05-26T01:29:43+00:00","twitter_card":"summary_large_image","twitter_misc":{"Dur\u00e9e de lecture estim\u00e9e":"2 minutes"},"schema":{"@context":"https:\/\/schema.org","@graph":[{"@type":"WebPage","@id":"https:\/\/pasouliereselection.com\/fr\/contactez-nous\/","url":"https:\/\/pasouliereselection.com\/fr\/contactez-nous\/","name":"Contactez-Nous - Pier-Alexis Souli\u00e8re S\u00e9lection","isPartOf":{"@id":"https:\/\/pasouliereselection.com\/#website"},"datePublished":"2019-09-06T13:16:30+00:00","dateModified":"2022-05-26T01:29:43+00:00","breadcrumb":{"@id":"https:\/\/pasouliereselection.com\/fr\/contactez-nous\/#breadcrumb"},"inLanguage":"fr-FR","potentialAction":[{"@type":"ReadAction","target":["https:\/\/pasouliereselection.com\/fr\/contactez-nous\/"]}]},{"@type":"BreadcrumbList","@id":"https:\/\/pasouliereselection.com\/fr\/contactez-nous\/#breadcrumb","itemListElement":[{"@type":"ListItem","position":1,"name":"Home","item":"https:\/\/pasouliereselection.com\/fr\/"},{"@type":"ListItem","position":2,"name":"Contactez-Nous"}]},{"@type":"WebSite","@id":"https:\/\/pasouliereselection.com\/#website","url":"https:\/\/pasouliereselection.com\/","name":"Pier-Alexis Souli\u00e8re S\u00e9lection","description":"Produits de l&#039;\u00e9rable rafin\u00e9s","publisher":{"@id":"https:\/\/pasouliereselection.com\/#organization"},"potentialAction":[{"@type":"SearchAction","target":{"@type":"EntryPoint","urlTemplate":"https:\/\/pasouliereselection.com\/?s={search_term_string}"},"query-input":{"@type":"PropertyValueSpecification","valueRequired":true,"valueName":"search_term_string"}}],"inLanguage":"fr-FR"},{"@type":"Organization","@id":"https:\/\/pasouliereselection.com\/#organization","name":"P-A Souli\u00e8re S\u00e9lection","url":"https:\/\/pasouliereselection.com\/","logo":{"@type":"ImageObject","inLanguage":"fr-FR","@id":"https:\/\/pasouliereselection.com\/#\/schema\/logo\/image\/","url":"https:\/\/pasouliereselection.com\/wp-content\/uploads\/2021\/01\/Signature_pieralexissouliere.png","contentUrl":"https:\/\/pasouliereselection.com\/wp-content\/uploads\/2021\/01\/Signature_pieralexissouliere.png","width":648,"height":982,"caption":"P-A Souli\u00e8re S\u00e9lection"},"image":{"@id":"https:\/\/pasouliereselection.com\/#\/schema\/logo\/image\/"},"sameAs":["https:\/\/www.facebook.com\/pasouliereselection"]}]}},"_links":{"self":[{"href":"https:\/\/pasouliereselection.com\/fr\/wp-json\/wp\/v2\/pages\/5876","targetHints":{"allow":["GET"]}}],"collection":[{"href":"https:\/\/pasouliereselection.com\/fr\/wp-json\/wp\/v2\/pages"}],"about":[{"href":"https:\/\/pasouliereselection.com\/fr\/wp-json\/wp\/v2\/types\/page"}],"author":[{"embeddable":true,"href":"https:\/\/pasouliereselection.com\/fr\/wp-json\/wp\/v2\/users\/1"}],"replies":[{"embeddable":true,"href":"https:\/\/pasouliereselection.com\/fr\/wp-json\/wp\/v2\/comments?post=5876"}],"version-history":[{"count":3,"href":"https:\/\/pasouliereselection.com\/fr\/wp-json\/wp\/v2\/pages\/5876\/revisions"}],"predecessor-version":[{"id":5950,"href":"https:\/\/pasouliereselection.com\/fr\/wp-json\/wp\/v2\/pages\/5876\/revisions\/5950"}],"wp:attachment":[{"href":"https:\/\/pasouliereselection.com\/fr\/wp-json\/wp\/v2\/media?parent=5876"}],"curies":[{"name":"wp","href":"https:\/\/api.w.org\/{rel}","templated":true}]}}