{"id":5873,"date":"2019-09-13T13:01:06","date_gmt":"2019-09-13T13:01:06","guid":{"rendered":"https:\/\/pasouliereselection.com\/histoire\/"},"modified":"2022-05-26T01:23:51","modified_gmt":"2022-05-26T01:23:51","slug":"histoire","status":"publish","type":"page","link":"https:\/\/pasouliereselection.com\/fr\/histoire\/","title":{"rendered":"Histoire"},"content":{"rendered":"<section class=\"wpb-content-wrapper\"><p>[vc_row gap=\u00a0\u00bb35&Prime;][vc_column css=\u00a0\u00bb.vc_custom_1573127064948{padding-top: 13.5% !important;padding-right: 9.5% !important;padding-bottom: 115px !important;padding-left: 9.5% !important;background-image: url(https:\/\/aperitif.qodeinteractive.com\/wp-content\/uploads\/2019\/09\/v-card-bckg-box-img.jpg?id=2157) !important;}\u00a0\u00bb offset=\u00a0\u00bbvc_col-lg-3\/5&Prime; column_responsive_padding_680=\u00a0\u00bb60px 5% 70px 9%\u00a0\u00bb]<div class=\"qodef-shortcode qodef-m  qodef-section-title qodef-alignment--left \">\n\t\t<h2 class=\"qodef-m-title\" >\n\t\tPier-Alexis Souli\u00e8re\t\t<\/h2>\n\t\t<p class=\"qodef-m-subtitle\" >Sucrier | Master Sommelier<\/p>\n\t\t<div class=\"qodef-m-text\" style=\"margin-top: -4px\">Pier-Alexis a fond\u00e9 son entreprise, P-A Souli\u00e8re S\u00e9lection lt\u00e9e, en 2019. Il produit et distribue ses cuv\u00e9es de sirop d\u2019\u00e9rable (Cuv\u00e9e Roger et Cuv\u00e9e Saint-Laurent) dans le monde entier \u00e0 des \u00e9piceries fines, des h\u00f4tels et des restaurants.  En tant que ma\u00eetre sommelier, il propose aussi des services de conseil pour restaurants et h\u00f4tels, des d\u00e9gustations de vin en ligne, la gestion de caves \u00e0 vin ainsi que de la formation et de l\u2019\u00e9ducation.<\/p>\n<p>Avant son entreprise, Pier-Alexis a consacr\u00e9 les douze derni\u00e8res ann\u00e9es de sa carri\u00e8re \u00e0 offrir un service de calibre mondial dans le domaine du vin et \u00e0 am\u00e9liorer l\u2019exp\u00e9rience de ses clients dans certains des environnements les plus exigeants. Il a commenc\u00e9 son aventure \u00e0 Montr\u00e9al pour plus tard exceller sur trois continents, de Londres \u00e0 Sydney en passant par New York et r\u00e9cemment la Californie. Il a travaill\u00e9 dans certains des plus prestigieux \u00e9tablissements couronn\u00e9s de macarons Michelin, notamment Dinner by Heston Blumenthal, The Modern, et Manresa Restaurant.<\/p>\n<p>En 2014, il a remport\u00e9 le concours du jeune sommelier mondial de l\u2019ann\u00e9e, \u00e0 Copenhague. En 2016, il est devenu l\u2019un des tr\u00e8s rares \u00e0 obtenir le titre de ma\u00eetre sommelier avant l\u2019\u00e2ge de 30 ans, un titre d\u00e9tenu par seulement cinq personnes au Canada, deux au Qu\u00e9bec et 266 dans le monde. En 2017, Pier-Alexis a \u00e9t\u00e9 nomm\u00e9 meilleur sommelier du Qu\u00e9bec par l\u2019Association canadienne des sommeliers professionnels et un an plus tard, il a remport\u00e9 le titre de meilleur sommelier des Am\u00e9riques par l\u2019Association de la Sommellerie internationale parmi 20 participants de 10 pays. En 2019, il a repr\u00e9sent\u00e9 les Am\u00e9riques au concours du meilleur sommelier du monde organis\u00e9 en Belgique et a fait sa place parmi les dix meilleurs. En 2021, Pier-Alexis a \u00e9t\u00e9 nomm\u00e9 meilleur sommelier du Canada par l\u2019Association canadienne des sommeliers professionnels. En 2022, il repr\u00e9sentera son pays au concours du meilleur sommelier du monde, \u00e0 Paris.<\/div>\n<\/div>[vc_empty_space height=\u00a0\u00bb63px\u00a0\u00bb][vc_row_inner][vc_column_inner width=\u00a0\u00bb1\/2&Prime;]<div class=\"qodef-shortcode qodef-m  qodef-section-title qodef-alignment--left \">\n\t\t<h4 class=\"qodef-m-title\" >\n\t\tMeilleur Sommelier du Canada\t\t<\/h4>\n\t\t<p class=\"qodef-m-subtitle\" >2021<\/p>\n\t<\/div>[vc_column_text css=\u00a0\u00bb.vc_custom_1647016161672{margin-top: -12px !important;}\u00a0\u00bb]En 2021, Pier-Alexis a \u00e9t\u00e9 nomm\u00e9 meilleur sommelier du Canada par l\u2019Association canadienne des sommeliers professionnels.[\/vc_column_text][\/vc_column_inner][vc_column_inner width=\u00a0\u00bb1\/2&Prime;]<div class=\"qodef-shortcode qodef-m  qodef-section-title qodef-alignment--left \">\n\t\t<h4 class=\"qodef-m-title\" >\n\t\tMeilleur Sommelier des Ameriques\t\t<\/h4>\n\t\t<p class=\"qodef-m-subtitle\" >2018<\/p>\n\t<\/div>[vc_column_text css=\u00a0\u00bb.vc_custom_1647016173862{margin-top: -12px !important;}\u00a0\u00bb]Pier-Alexis a \u00e9t\u00e9 nomm\u00e9 meilleur sommelier des Am\u00e9riques par l\u2019Association de la Sommellerie internationale.[\/vc_column_text][\/vc_column_inner][vc_column_inner width=\u00a0\u00bb1\/2&Prime;][vc_empty_space height=\u00a0\u00bb28px\u00a0\u00bb]<div class=\"qodef-shortcode qodef-m  qodef-section-title qodef-alignment--left \">\n\t\t<h4 class=\"qodef-m-title\" >\n\t\tContacez-Nous\t\t<\/h4>\n\t\t<p class=\"qodef-m-subtitle\" >Laissez nous un message<\/p>\n\t<\/div><div class=\"qodef-shortcode qodef-m  qodef-icon-with-text qodef-layout--before-content qodef--icon-pack\">\n\t<div class=\"qodef-m-icon-wrapper\">\n\t\t<span class=\"qodef-shortcode qodef-m  qodef-icon-holder qodef-size--default qodef-layout--normal\"  style=\"color: #c8693a\">\t\t\t<a itemprop=\"url\" href=\"mailto:info@pasouliere.com\" target=\"_blank\">        <span class=\"qodef-icon-linea-icons icon-basic-mail qodef-icon qodef-e\" style=\"font-size:21px\" ><\/span>            <\/a>\t<\/span>\t<\/div>\n\t<div class=\"qodef-m-content\">\n\t\t\t\t\t\t\t<a itemprop=\"url\" href=\"mailto:info@pasouliere.com\" target=\"_blank\">\n\t\t<p class=\"qodef-m-text\" style=\"margin-top: -2px;color: #817c7b\">info@pasouliere.com<\/p>\n\t\t\t<\/a>\n\t\t<\/div>\n<\/div>[vc_empty_space height=\u00a0\u00bb10px\u00a0\u00bb][vc_empty_space height=\u00a0\u00bb45px\u00a0\u00bb]<span class=\"qodef-shortcode qodef-m  qodef-icon-holder qodef-size--default qodef-layout--square\" data-hover-color=\"#ffffff\" data-hover-background-color=\"#c8693a\" data-hover-border-color=\"#c8693a\" style=\"margin: 0 10px 0 0;width: 33px;height: 33px;line-height: 33px;background-color: rgba(255,255,255,0.01);border-style: solid;border-color: #cbcbcb;border-width: 1px;color: #c8693a\">\n\t\t\t<a itemprop=\"url\" href=\"https:\/\/www.facebook.com\/pasouliereselection\" target=\"_blank\">\n        <span class=\"qodef-icon-elegant-icons social_facebook qodef-icon qodef-e\" style=\"font-size:14px\" ><\/span>            <\/a>\n\t<\/span><span class=\"qodef-shortcode qodef-m  qodef-icon-holder qodef-size--default qodef-layout--square\" data-hover-color=\"#ffffff\" data-hover-background-color=\"#c8693a\" data-hover-border-color=\"#c8693a\" style=\"margin: 0 10px 0 0;width: 33px;height: 33px;line-height: 33px;background-color: rgba(255,255,255,0.01);border-style: solid;border-color: #cbcbcb;border-width: 1px;color: #c8693a\">\n\t\t\t<a itemprop=\"url\" href=\"https:\/\/www.linkedin.com\/in\/pier-alexis-souli%C3%A8re-ms-00300463\/\" target=\"_blank\">\n        <span class=\"qodef-icon-elegant-icons social_linkedin qodef-icon qodef-e\" style=\"font-size:14px\" ><\/span>            <\/a>\n\t<\/span><span class=\"qodef-shortcode qodef-m  qodef-icon-holder qodef-size--default qodef-layout--square\" data-hover-color=\"#f9f9f9\" data-hover-background-color=\"#c8693a\" data-hover-border-color=\"#c8693a\" style=\"width: 33px;height: 33px;line-height: 33px;background-color: rgba(255,255,255,0.01);border-style: solid;border-color: #cbcbcb;border-width: 1px;color: #c8693a\">\n\t\t\t<a itemprop=\"url\" href=\"https:\/\/www.instagram.com\/pasouliereselection\/\" target=\"_blank\">\n        <span class=\"qodef-icon-elegant-icons social_instagram qodef-icon qodef-e\" style=\"font-size:14px\" ><\/span>            <\/a>\n\t<\/span>[\/vc_column_inner][vc_column_inner width=\u00a0\u00bb1\/2&Prime;][vc_empty_space height=\u00a0\u00bb28px\u00a0\u00bb][vc_single_image image=\u00a0\u00bb5082&Prime; img_size=\u00a0\u00bb\u00a0\u00bb alignment=\u00a0\u00bbcenter\u00a0\u00bb][\/vc_column_inner][\/vc_row_inner][\/vc_column][vc_column offset=\u00a0\u00bbvc_col-lg-2\/5&Prime;][\/vc_column][\/vc_row]<\/p>\n<\/section>","protected":false},"excerpt":{"rendered":"<p>[vc_row gap=\u00a0\u00bb35&Prime;][vc_column css=\u00a0\u00bb.vc_custom_1573127064948{padding-top: 13.5% !important;padding-right: 9.5% !important;padding-bottom: 115px !important;padding-left: 9.5% !important;background-image: url(https:\/\/aperitif.qodeinteractive.com\/wp-content\/uploads\/2019\/09\/v-card-bckg-box-img.jpg?id=2157) !important;}\u00a0\u00bb offset=\u00a0\u00bbvc_col-lg-3\/5&Prime; column_responsive_padding_680=\u00a0\u00bb60px 5% 70px 9%\u00a0\u00bb][vc_empty_space height=\u00a0\u00bb63px\u00a0\u00bb][vc_row_inner][vc_column_inner width=\u00a0\u00bb1\/2&Prime;][vc_column_text css=\u00a0\u00bb.vc_custom_1647016161672{margin-top: -12px !important;}\u00a0\u00bb]En 2021, Pier-Alexis a \u00e9t\u00e9 nomm\u00e9 meilleur sommelier du Canada par l\u2019Association canadienne des sommeliers professionnels.[\/vc_column_text][\/vc_column_inner][vc_column_inner width=\u00a0\u00bb1\/2&Prime;][vc_column_text css=\u00a0\u00bb.vc_custom_1647016173862{margin-top: -12px !important;}\u00a0\u00bb]Pier-Alexis a \u00e9t\u00e9 nomm\u00e9 meilleur sommelier des Am\u00e9riques par l\u2019Association de la Sommellerie internationale.[\/vc_column_text][\/vc_column_inner][vc_column_inner [&hellip;]<\/p>\n","protected":false},"author":1,"featured_media":0,"parent":0,"menu_order":0,"comment_status":"closed","ping_status":"closed","template":"","meta":{"om_disable_all_campaigns":false,"_monsterinsights_skip_tracking":false,"_monsterinsights_sitenote_active":false,"_monsterinsights_sitenote_note":"","_monsterinsights_sitenote_category":0,"_uf_show_specific_survey":0,"_uf_disable_surveys":false,"footnotes":""},"class_list":["post-5873","page","type-page","status-publish","hentry"],"yoast_head":"<!-- This site is optimized with the Yoast SEO plugin v26.8 - https:\/\/yoast.com\/product\/yoast-seo-wordpress\/ -->\n<title>Histoire - Pier-Alexis Souli\u00e8re S\u00e9lection<\/title>\n<meta name=\"robots\" content=\"index, follow, max-snippet:-1, max-image-preview:large, max-video-preview:-1\" \/>\n<link rel=\"canonical\" href=\"https:\/\/pasouliereselection.com\/fr\/histoire\/\" \/>\n<meta property=\"og:locale\" content=\"fr_FR\" \/>\n<meta property=\"og:type\" content=\"article\" \/>\n<meta property=\"og:title\" content=\"Histoire - Pier-Alexis Souli\u00e8re S\u00e9lection\" \/>\n<meta property=\"og:description\" content=\"[vc_row gap=\u00a0\u00bb35&Prime;][vc_column css=\u00a0\u00bb.vc_custom_1573127064948{padding-top: 13.5% !important;padding-right: 9.5% !important;padding-bottom: 115px !important;padding-left: 9.5% !important;background-image: url(https:\/\/aperitif.qodeinteractive.com\/wp-content\/uploads\/2019\/09\/v-card-bckg-box-img.jpg?id=2157) !important;}\u00a0\u00bb offset=\u00a0\u00bbvc_col-lg-3\/5&Prime; column_responsive_padding_680=\u00a0\u00bb60px 5% 70px 9%\u00a0\u00bb][vc_empty_space height=\u00a0\u00bb63px\u00a0\u00bb][vc_row_inner][vc_column_inner width=\u00a0\u00bb1\/2&Prime;][vc_column_text css=\u00a0\u00bb.vc_custom_1647016161672{margin-top: -12px !important;}\u00a0\u00bb]En 2021, Pier-Alexis a \u00e9t\u00e9 nomm\u00e9 meilleur sommelier du Canada par l\u2019Association canadienne des sommeliers professionnels.[\/vc_column_text][\/vc_column_inner][vc_column_inner width=\u00a0\u00bb1\/2&Prime;][vc_column_text css=\u00a0\u00bb.vc_custom_1647016173862{margin-top: -12px !important;}\u00a0\u00bb]Pier-Alexis a \u00e9t\u00e9 nomm\u00e9 meilleur sommelier des Am\u00e9riques par l\u2019Association de la Sommellerie internationale.[\/vc_column_text][\/vc_column_inner][vc_column_inner [&hellip;]\" \/>\n<meta property=\"og:url\" content=\"https:\/\/pasouliereselection.com\/fr\/histoire\/\" \/>\n<meta property=\"og:site_name\" content=\"Pier-Alexis Souli\u00e8re S\u00e9lection\" \/>\n<meta property=\"article:publisher\" content=\"https:\/\/www.facebook.com\/pasouliereselection\" \/>\n<meta property=\"article:modified_time\" content=\"2022-05-26T01:23:51+00:00\" \/>\n<meta name=\"twitter:card\" content=\"summary_large_image\" \/>\n<meta name=\"twitter:label1\" content=\"Dur\u00e9e de lecture estim\u00e9e\" \/>\n\t<meta name=\"twitter:data1\" content=\"4 minutes\" \/>\n<script type=\"application\/ld+json\" class=\"yoast-schema-graph\">{\"@context\":\"https:\/\/schema.org\",\"@graph\":[{\"@type\":\"WebPage\",\"@id\":\"https:\/\/pasouliereselection.com\/fr\/histoire\/\",\"url\":\"https:\/\/pasouliereselection.com\/fr\/histoire\/\",\"name\":\"Histoire - Pier-Alexis Souli\u00e8re S\u00e9lection\",\"isPartOf\":{\"@id\":\"https:\/\/pasouliereselection.com\/#website\"},\"datePublished\":\"2019-09-13T13:01:06+00:00\",\"dateModified\":\"2022-05-26T01:23:51+00:00\",\"breadcrumb\":{\"@id\":\"https:\/\/pasouliereselection.com\/fr\/histoire\/#breadcrumb\"},\"inLanguage\":\"fr-FR\",\"potentialAction\":[{\"@type\":\"ReadAction\",\"target\":[\"https:\/\/pasouliereselection.com\/fr\/histoire\/\"]}]},{\"@type\":\"BreadcrumbList\",\"@id\":\"https:\/\/pasouliereselection.com\/fr\/histoire\/#breadcrumb\",\"itemListElement\":[{\"@type\":\"ListItem\",\"position\":1,\"name\":\"Home\",\"item\":\"https:\/\/pasouliereselection.com\/fr\/\"},{\"@type\":\"ListItem\",\"position\":2,\"name\":\"Histoire\"}]},{\"@type\":\"WebSite\",\"@id\":\"https:\/\/pasouliereselection.com\/#website\",\"url\":\"https:\/\/pasouliereselection.com\/\",\"name\":\"Pier-Alexis Souli\u00e8re S\u00e9lection\",\"description\":\"Produits de l&#039;\u00e9rable rafin\u00e9s\",\"publisher\":{\"@id\":\"https:\/\/pasouliereselection.com\/#organization\"},\"potentialAction\":[{\"@type\":\"SearchAction\",\"target\":{\"@type\":\"EntryPoint\",\"urlTemplate\":\"https:\/\/pasouliereselection.com\/?s={search_term_string}\"},\"query-input\":{\"@type\":\"PropertyValueSpecification\",\"valueRequired\":true,\"valueName\":\"search_term_string\"}}],\"inLanguage\":\"fr-FR\"},{\"@type\":\"Organization\",\"@id\":\"https:\/\/pasouliereselection.com\/#organization\",\"name\":\"P-A Souli\u00e8re S\u00e9lection\",\"url\":\"https:\/\/pasouliereselection.com\/\",\"logo\":{\"@type\":\"ImageObject\",\"inLanguage\":\"fr-FR\",\"@id\":\"https:\/\/pasouliereselection.com\/#\/schema\/logo\/image\/\",\"url\":\"https:\/\/pasouliereselection.com\/wp-content\/uploads\/2021\/01\/Signature_pieralexissouliere.png\",\"contentUrl\":\"https:\/\/pasouliereselection.com\/wp-content\/uploads\/2021\/01\/Signature_pieralexissouliere.png\",\"width\":648,\"height\":982,\"caption\":\"P-A Souli\u00e8re S\u00e9lection\"},\"image\":{\"@id\":\"https:\/\/pasouliereselection.com\/#\/schema\/logo\/image\/\"},\"sameAs\":[\"https:\/\/www.facebook.com\/pasouliereselection\"]}]}<\/script>\n<!-- \/ Yoast SEO plugin. -->","yoast_head_json":{"title":"Histoire - Pier-Alexis Souli\u00e8re S\u00e9lection","robots":{"index":"index","follow":"follow","max-snippet":"max-snippet:-1","max-image-preview":"max-image-preview:large","max-video-preview":"max-video-preview:-1"},"canonical":"https:\/\/pasouliereselection.com\/fr\/histoire\/","og_locale":"fr_FR","og_type":"article","og_title":"Histoire - Pier-Alexis Souli\u00e8re S\u00e9lection","og_description":"[vc_row gap=\u00a0\u00bb35&Prime;][vc_column css=\u00a0\u00bb.vc_custom_1573127064948{padding-top: 13.5% !important;padding-right: 9.5% !important;padding-bottom: 115px !important;padding-left: 9.5% !important;background-image: url(https:\/\/aperitif.qodeinteractive.com\/wp-content\/uploads\/2019\/09\/v-card-bckg-box-img.jpg?id=2157) !important;}\u00a0\u00bb offset=\u00a0\u00bbvc_col-lg-3\/5&Prime; column_responsive_padding_680=\u00a0\u00bb60px 5% 70px 9%\u00a0\u00bb][vc_empty_space height=\u00a0\u00bb63px\u00a0\u00bb][vc_row_inner][vc_column_inner width=\u00a0\u00bb1\/2&Prime;][vc_column_text css=\u00a0\u00bb.vc_custom_1647016161672{margin-top: -12px !important;}\u00a0\u00bb]En 2021, Pier-Alexis a \u00e9t\u00e9 nomm\u00e9 meilleur sommelier du Canada par l\u2019Association canadienne des sommeliers professionnels.[\/vc_column_text][\/vc_column_inner][vc_column_inner width=\u00a0\u00bb1\/2&Prime;][vc_column_text css=\u00a0\u00bb.vc_custom_1647016173862{margin-top: -12px !important;}\u00a0\u00bb]Pier-Alexis a \u00e9t\u00e9 nomm\u00e9 meilleur sommelier des Am\u00e9riques par l\u2019Association de la Sommellerie internationale.[\/vc_column_text][\/vc_column_inner][vc_column_inner [&hellip;]","og_url":"https:\/\/pasouliereselection.com\/fr\/histoire\/","og_site_name":"Pier-Alexis Souli\u00e8re S\u00e9lection","article_publisher":"https:\/\/www.facebook.com\/pasouliereselection","article_modified_time":"2022-05-26T01:23:51+00:00","twitter_card":"summary_large_image","twitter_misc":{"Dur\u00e9e de lecture estim\u00e9e":"4 minutes"},"schema":{"@context":"https:\/\/schema.org","@graph":[{"@type":"WebPage","@id":"https:\/\/pasouliereselection.com\/fr\/histoire\/","url":"https:\/\/pasouliereselection.com\/fr\/histoire\/","name":"Histoire - Pier-Alexis Souli\u00e8re S\u00e9lection","isPartOf":{"@id":"https:\/\/pasouliereselection.com\/#website"},"datePublished":"2019-09-13T13:01:06+00:00","dateModified":"2022-05-26T01:23:51+00:00","breadcrumb":{"@id":"https:\/\/pasouliereselection.com\/fr\/histoire\/#breadcrumb"},"inLanguage":"fr-FR","potentialAction":[{"@type":"ReadAction","target":["https:\/\/pasouliereselection.com\/fr\/histoire\/"]}]},{"@type":"BreadcrumbList","@id":"https:\/\/pasouliereselection.com\/fr\/histoire\/#breadcrumb","itemListElement":[{"@type":"ListItem","position":1,"name":"Home","item":"https:\/\/pasouliereselection.com\/fr\/"},{"@type":"ListItem","position":2,"name":"Histoire"}]},{"@type":"WebSite","@id":"https:\/\/pasouliereselection.com\/#website","url":"https:\/\/pasouliereselection.com\/","name":"Pier-Alexis Souli\u00e8re S\u00e9lection","description":"Produits de l&#039;\u00e9rable rafin\u00e9s","publisher":{"@id":"https:\/\/pasouliereselection.com\/#organization"},"potentialAction":[{"@type":"SearchAction","target":{"@type":"EntryPoint","urlTemplate":"https:\/\/pasouliereselection.com\/?s={search_term_string}"},"query-input":{"@type":"PropertyValueSpecification","valueRequired":true,"valueName":"search_term_string"}}],"inLanguage":"fr-FR"},{"@type":"Organization","@id":"https:\/\/pasouliereselection.com\/#organization","name":"P-A Souli\u00e8re S\u00e9lection","url":"https:\/\/pasouliereselection.com\/","logo":{"@type":"ImageObject","inLanguage":"fr-FR","@id":"https:\/\/pasouliereselection.com\/#\/schema\/logo\/image\/","url":"https:\/\/pasouliereselection.com\/wp-content\/uploads\/2021\/01\/Signature_pieralexissouliere.png","contentUrl":"https:\/\/pasouliereselection.com\/wp-content\/uploads\/2021\/01\/Signature_pieralexissouliere.png","width":648,"height":982,"caption":"P-A Souli\u00e8re S\u00e9lection"},"image":{"@id":"https:\/\/pasouliereselection.com\/#\/schema\/logo\/image\/"},"sameAs":["https:\/\/www.facebook.com\/pasouliereselection"]}]}},"_links":{"self":[{"href":"https:\/\/pasouliereselection.com\/fr\/wp-json\/wp\/v2\/pages\/5873","targetHints":{"allow":["GET"]}}],"collection":[{"href":"https:\/\/pasouliereselection.com\/fr\/wp-json\/wp\/v2\/pages"}],"about":[{"href":"https:\/\/pasouliereselection.com\/fr\/wp-json\/wp\/v2\/types\/page"}],"author":[{"embeddable":true,"href":"https:\/\/pasouliereselection.com\/fr\/wp-json\/wp\/v2\/users\/1"}],"replies":[{"embeddable":true,"href":"https:\/\/pasouliereselection.com\/fr\/wp-json\/wp\/v2\/comments?post=5873"}],"version-history":[{"count":4,"href":"https:\/\/pasouliereselection.com\/fr\/wp-json\/wp\/v2\/pages\/5873\/revisions"}],"predecessor-version":[{"id":5949,"href":"https:\/\/pasouliereselection.com\/fr\/wp-json\/wp\/v2\/pages\/5873\/revisions\/5949"}],"wp:attachment":[{"href":"https:\/\/pasouliereselection.com\/fr\/wp-json\/wp\/v2\/media?parent=5873"}],"curies":[{"name":"wp","href":"https:\/\/api.w.org\/{rel}","templated":true}]}}