{"id":5870,"date":"2019-09-09T14:43:02","date_gmt":"2019-09-09T14:43:02","guid":{"rendered":"https:\/\/pasouliereselection.com\/une-tradition-familiale\/"},"modified":"2022-05-26T01:16:39","modified_gmt":"2022-05-26T01:16:39","slug":"une-tradition-familiale","status":"publish","type":"page","link":"https:\/\/pasouliereselection.com\/fr\/une-tradition-familiale\/","title":{"rendered":"Une Tradition Familiale"},"content":{"rendered":"<section class=\"wpb-content-wrapper\"><p>[vc_row row_content_width=\u00a0\u00bbgrid\u00a0\u00bb css=\u00a0\u00bb.vc_custom_1569414181451{padding-top: 125px !important;padding-bottom: 14px !important;}\u00a0\u00bb][vc_column]<div class=\"qodef-shortcode qodef-m  qodef-section-title qodef-alignment--center \">\n\t\t<h2 class=\"qodef-m-title\" >\n\t\tSaint-Pierre-Baptiste\t\t<\/h2>\n\t\t<p class=\"qodef-m-subtitle\" >Les d\u00e9buts<\/p>\n\t<\/div>[\/vc_column][\/vc_row][vc_row row_content_width=\u00a0\u00bbgrid\u00a0\u00bb][vc_column css=\u00a0\u00bb.vc_custom_1573571964675{padding-right: 16px !important;padding-left: 25% !important;}\u00a0\u00bb offset=\u00a0\u00bbvc_col-lg-6 vc_col-md-6&Prime; column_responsive_padding_680=\u00a0\u00bb0 15px 0 15px\u00a0\u00bb column_responsive_padding_1024=\u00a0\u00bb0 16px 0 0&Prime; column_responsive_padding_768=\u00a0\u00bb0 15px 0 15px\u00a0\u00bb][vc_column_text]<\/p>\n<p style=\"text-align: justify;\">Pier-Alexis et son \u00e9pouse sont n\u00e9s \u00e0 Saint-Pierre-Baptiste, et ont \u00e9t\u00e9 baptis\u00e9s et se sont mari\u00e9s \u00e0 l\u2019\u00e9glise du village. Leur premi\u00e8re dispute portait sur les meilleures adresses de sirop d\u2019\u00e9rable et sur la fa\u00e7on dont leurs grands-p\u00e8res et leurs familles respectives faisaient bouillir le sirop. En effet, ce village avait tous les ingr\u00e9dients pour ce d\u00e9bat :<\/p>\n<p>[\/vc_column_text][\/vc_column][vc_column css=\u00a0\u00bb.vc_custom_1573571970678{padding-right: 25% !important;padding-left: 16px !important;}\u00a0\u00bb offset=\u00a0\u00bbvc_col-lg-6 vc_col-md-6&Prime; column_responsive_padding_680=\u00a0\u00bb30px 15px 0 15px\u00a0\u00bb column_responsive_padding_1024=\u00a0\u00bb0px 0 0 16px\u00a0\u00bb column_responsive_padding_768=\u00a0\u00bb30px 15px 0 15px\u00a0\u00bb][vc_column_text]l\u2019une des plus fortes concentrations d\u2019\u00e9rables \u00e0 sucre au pays, des arbres tr\u00e8s anciens s\u00e9lectionn\u00e9s par les anc\u00eatres, et un tapis de collines orient\u00e9es au nord des Appalaches. Certains appellent cette r\u00e9gion la Bourgogne du sirop d\u2019\u00e9rable et Pier-Alexis ne pourrait \u00eatre plus d\u2019accord.[\/vc_column_text][\/vc_column][\/vc_row][vc_row content_placement=\u00a0\u00bbmiddle\u00a0\u00bb disable_element=\u00a0\u00bbyes\u00a0\u00bb content_text_alignment=\u00a0\u00bbcenter\u00a0\u00bb css=\u00a0\u00bb.vc_custom_1648054865157{padding-top: 50px !important;}\u00a0\u00bb][vc_column]<h5 class=\"qodef-shortcode qodef-m  qodef-custom-font qodef-custom-font-4236 qodef-layout--simple\" style=\"color: #d7d6d6;font-family: Dawning of a New Day;font-size: 65px;line-height: 108px\">Au fil du temps...<\/h5>[\/vc_column][\/vc_row][vc_row disable_element=\u00a0\u00bbyes\u00a0\u00bb row_content_width=\u00a0\u00bbgrid\u00a0\u00bb][vc_column css=\u00a0\u00bb.vc_custom_1570452506227{padding-top: 65px !important;padding-bottom: 160px !important;}\u00a0\u00bb column_responsive_padding_1024=\u00a0\u00bb65px 15px 90px\u00a0\u00bb column_responsive_padding_768=\u00a0\u00bb65px 15px 90px\u00a0\u00bb column_responsive_padding_680=\u00a0\u00bb65px 15px 90px\u00a0\u00bb]<div class=\"qodef-shortcode qodef-m  qodef-workflow\">\n\t\n\t<div class=\"qodef-e-workflow-image\">\n\t\t<img loading=\"lazy\" decoding=\"async\" width=\"207\" height=\"157\" src=\"https:\/\/pasouliereselection.com\/wp-content\/uploads\/2022\/03\/cabane_small.png\" class=\"attachment-full size-full\" alt=\"\" \/>\t<\/div>\n\t\n\t\t\t\n\t\t<div class=\"qodef-e-workflow-item\">\n\t\t\t<div class=\"qodef-e-workflow-item-inner\">\n\t\t\t\t\n\t\t\t\t<div class=\"qodef-e-workflow-text\">\n\t\t\t\t\t<p class=\"qodef-e-subtitle\">2018<\/p>\n\t\t\t\t\t<h5 class=\"qodef-e-title\">First Production<\/h5>\n\t\t\t\t\t<p class=\"qodef-e-text\">Lorem ipsum dolor sit amet, adipiscing consectetur elit, sed do eiusmod tempor incididunt ut<\/p>\n\t\t\t\t<\/div>\n\t\t\t\n\t\t\t<\/div>\n\t\t<\/div>\n\t\t\t\n\t\t<div class=\"qodef-e-workflow-item\">\n\t\t\t<div class=\"qodef-e-workflow-item-inner\">\n\t\t\t\t\n\t\t\t\t<div class=\"qodef-e-workflow-text\">\n\t\t\t\t\t<p class=\"qodef-e-subtitle\">2019<\/p>\n\t\t\t\t\t<h5 class=\"qodef-e-title\">Cuv\u00e9e Roger<\/h5>\n\t\t\t\t\t<p class=\"qodef-e-text\">Lorem ipsum dolor sit amet, adipiscing consectetur elit, sed do eiusmod tempor incididunt ut <\/p>\n\t\t\t\t<\/div>\n\t\t\t\n\t\t\t<\/div>\n\t\t<\/div>\n\t\n<\/div><div class=\"qodef-shortcode qodef-m  qodef-workflow\">\n\t\n\t<div class=\"qodef-e-workflow-image\">\n\t\t<img loading=\"lazy\" decoding=\"async\" width=\"207\" height=\"157\" src=\"https:\/\/pasouliereselection.com\/wp-content\/uploads\/2022\/03\/st_laurent_small.png\" class=\"attachment-full size-full\" alt=\"\" \/>\t<\/div>\n\t\n\t\t\t\n\t\t<div class=\"qodef-e-workflow-item\">\n\t\t\t<div class=\"qodef-e-workflow-item-inner\">\n\t\t\t\t\n\t\t\t\t<div class=\"qodef-e-workflow-text\">\n\t\t\t\t\t<p class=\"qodef-e-subtitle\">2020<\/p>\n\t\t\t\t\t<h5 class=\"qodef-e-title\">Cuv\u00e9e Saint-Laurent<\/h5>\n\t\t\t\t\t<p class=\"qodef-e-text\">Lorem ipsum dolor sit amet, adipiscing consectetur elit, sed do eiusmod tempor incididunt ut<\/p>\n\t\t\t\t<\/div>\n\t\t\t\n\t\t\t<\/div>\n\t\t<\/div>\n\t\t\t\n\t\t<div class=\"qodef-e-workflow-item\">\n\t\t\t<div class=\"qodef-e-workflow-item-inner\">\n\t\t\t\t\n\t\t\t\t<div class=\"qodef-e-workflow-text\">\n\t\t\t\t\t<p class=\"qodef-e-subtitle\">2020<\/p>\n\t\t\t\t\t<h5 class=\"qodef-e-title\">Maple Sugar Production<\/h5>\n\t\t\t\t\t<p class=\"qodef-e-text\">Lorem ipsum dolor sit amet, adipiscing consectetur elit, sed do eiusmod tempor incididunt ut <\/p>\n\t\t\t\t<\/div>\n\t\t\t\n\t\t\t<\/div>\n\t\t<\/div>\n\t\n<\/div><div class=\"qodef-shortcode qodef-m  qodef-workflow\">\n\t\n\t<div class=\"qodef-e-workflow-image\">\n\t\t<img loading=\"lazy\" decoding=\"async\" width=\"207\" height=\"157\" src=\"https:\/\/pasouliereselection.com\/wp-content\/uploads\/2022\/03\/Chalumeau_small.png\" class=\"attachment-full size-full\" alt=\"\" \/>\t<\/div>\n\t\n\t\t\t\n\t\t<div class=\"qodef-e-workflow-item\">\n\t\t\t<div class=\"qodef-e-workflow-item-inner\">\n\t\t\t\t\n\t\t\t\t<div class=\"qodef-e-workflow-text\">\n\t\t\t\t\t<p class=\"qodef-e-subtitle\">2021<\/p>\n\t\t\t\t\t<h5 class=\"qodef-e-title\">Maple Butter Production<\/h5>\n\t\t\t\t\t<p class=\"qodef-e-text\">Lorem ipsum dolor sit amet, adipiscing consectetur elit, sed do eiusmod tempor incididunt ut<\/p>\n\t\t\t\t<\/div>\n\t\t\t\n\t\t\t<\/div>\n\t\t<\/div>\n\t\t\t\n\t\t<div class=\"qodef-e-workflow-item\">\n\t\t\t<div class=\"qodef-e-workflow-item-inner\">\n\t\t\t\t\n\t\t\t\t<div class=\"qodef-e-workflow-text\">\n\t\t\t\t\t<p class=\"qodef-e-subtitle\">2022<\/p>\n\t\t\t\t\t<h5 class=\"qodef-e-title\">New Production in progress...<\/h5>\n\t\t\t\t\t<p class=\"qodef-e-text\">Lorem ipsum dolor sit amet, adipiscing consectetur elit, sed do eiusmod tempor incididunt ut <\/p>\n\t\t\t\t<\/div>\n\t\t\t\n\t\t\t<\/div>\n\t\t<\/div>\n\t\n<\/div>[\/vc_column][\/vc_row][vc_row content_placement=\u00a0\u00bbmiddle\u00a0\u00bb content_text_alignment=\u00a0\u00bbcenter\u00a0\u00bb][vc_column]<h2 class=\"qodef-shortcode qodef-m  qodef-custom-font qodef-custom-font-8400 qodef-layout--simple\" style=\"color: #d7d6d6;font-family: Dawning of a New Day;font-size: 65px;line-height: 108px\">Suivez nous sur Instagram...<\/h2>[\/vc_column][\/vc_row][vc_row css=\u00a0\u00bb.vc_custom_1568127357065{margin-right: 34px !important;margin-left: 34px !important;}\u00a0\u00bb][vc_column][vc_raw_html]JTVCaW5zdGFncmFtLWZlZWQlMjBmZWVkJTNEMiU1RA==[\/vc_raw_html][\/vc_column][\/vc_row]<\/p>\n<\/section>","protected":false},"excerpt":{"rendered":"<p>[vc_row row_content_width=\u00a0\u00bbgrid\u00a0\u00bb css=\u00a0\u00bb.vc_custom_1569414181451{padding-top: 125px !important;padding-bottom: 14px !important;}\u00a0\u00bb][vc_column][\/vc_column][\/vc_row][vc_row row_content_width=\u00a0\u00bbgrid\u00a0\u00bb][vc_column css=\u00a0\u00bb.vc_custom_1573571964675{padding-right: 16px !important;padding-left: 25% !important;}\u00a0\u00bb offset=\u00a0\u00bbvc_col-lg-6 vc_col-md-6&Prime; column_responsive_padding_680=\u00a0\u00bb0 15px 0 15px\u00a0\u00bb column_responsive_padding_1024=\u00a0\u00bb0 16px 0 0&Prime; column_responsive_padding_768=\u00a0\u00bb0 15px 0 15px\u00a0\u00bb][vc_column_text] Pier-Alexis et son \u00e9pouse sont n\u00e9s \u00e0 Saint-Pierre-Baptiste, et ont \u00e9t\u00e9 baptis\u00e9s et se sont mari\u00e9s \u00e0 l\u2019\u00e9glise du village. Leur premi\u00e8re dispute portait sur les meilleures adresses [&hellip;]<\/p>\n","protected":false},"author":1,"featured_media":0,"parent":0,"menu_order":0,"comment_status":"closed","ping_status":"closed","template":"page-full-width.php","meta":{"om_disable_all_campaigns":false,"_monsterinsights_skip_tracking":false,"_monsterinsights_sitenote_active":false,"_monsterinsights_sitenote_note":"","_monsterinsights_sitenote_category":0,"_uf_show_specific_survey":0,"_uf_disable_surveys":false,"footnotes":""},"class_list":["post-5870","page","type-page","status-publish","hentry"],"yoast_head":"<!-- This site is optimized with the Yoast SEO plugin v26.8 - https:\/\/yoast.com\/product\/yoast-seo-wordpress\/ -->\n<title>Une Tradition Familiale - Pier-Alexis Souli\u00e8re S\u00e9lection<\/title>\n<meta name=\"robots\" content=\"index, follow, max-snippet:-1, max-image-preview:large, max-video-preview:-1\" \/>\n<link rel=\"canonical\" href=\"https:\/\/pasouliereselection.com\/fr\/une-tradition-familiale\/\" \/>\n<meta property=\"og:locale\" content=\"fr_FR\" \/>\n<meta property=\"og:type\" content=\"article\" \/>\n<meta property=\"og:title\" content=\"Une Tradition Familiale - Pier-Alexis Souli\u00e8re S\u00e9lection\" \/>\n<meta property=\"og:description\" content=\"[vc_row row_content_width=\u00a0\u00bbgrid\u00a0\u00bb css=\u00a0\u00bb.vc_custom_1569414181451{padding-top: 125px !important;padding-bottom: 14px !important;}\u00a0\u00bb][vc_column][\/vc_column][\/vc_row][vc_row row_content_width=\u00a0\u00bbgrid\u00a0\u00bb][vc_column css=\u00a0\u00bb.vc_custom_1573571964675{padding-right: 16px !important;padding-left: 25% !important;}\u00a0\u00bb offset=\u00a0\u00bbvc_col-lg-6 vc_col-md-6&Prime; column_responsive_padding_680=\u00a0\u00bb0 15px 0 15px\u00a0\u00bb column_responsive_padding_1024=\u00a0\u00bb0 16px 0 0&Prime; column_responsive_padding_768=\u00a0\u00bb0 15px 0 15px\u00a0\u00bb][vc_column_text] Pier-Alexis et son \u00e9pouse sont n\u00e9s \u00e0 Saint-Pierre-Baptiste, et ont \u00e9t\u00e9 baptis\u00e9s et se sont mari\u00e9s \u00e0 l\u2019\u00e9glise du village. Leur premi\u00e8re dispute portait sur les meilleures adresses [&hellip;]\" \/>\n<meta property=\"og:url\" content=\"https:\/\/pasouliereselection.com\/fr\/une-tradition-familiale\/\" \/>\n<meta property=\"og:site_name\" content=\"Pier-Alexis Souli\u00e8re S\u00e9lection\" \/>\n<meta property=\"article:publisher\" content=\"https:\/\/www.facebook.com\/pasouliereselection\" \/>\n<meta property=\"article:modified_time\" content=\"2022-05-26T01:16:39+00:00\" \/>\n<meta name=\"twitter:card\" content=\"summary_large_image\" \/>\n<meta name=\"twitter:label1\" content=\"Dur\u00e9e de lecture estim\u00e9e\" \/>\n\t<meta name=\"twitter:data1\" content=\"3 minutes\" \/>\n<script type=\"application\/ld+json\" class=\"yoast-schema-graph\">{\"@context\":\"https:\/\/schema.org\",\"@graph\":[{\"@type\":\"WebPage\",\"@id\":\"https:\/\/pasouliereselection.com\/fr\/une-tradition-familiale\/\",\"url\":\"https:\/\/pasouliereselection.com\/fr\/une-tradition-familiale\/\",\"name\":\"Une Tradition Familiale - Pier-Alexis Souli\u00e8re S\u00e9lection\",\"isPartOf\":{\"@id\":\"https:\/\/pasouliereselection.com\/#website\"},\"datePublished\":\"2019-09-09T14:43:02+00:00\",\"dateModified\":\"2022-05-26T01:16:39+00:00\",\"breadcrumb\":{\"@id\":\"https:\/\/pasouliereselection.com\/fr\/une-tradition-familiale\/#breadcrumb\"},\"inLanguage\":\"fr-FR\",\"potentialAction\":[{\"@type\":\"ReadAction\",\"target\":[\"https:\/\/pasouliereselection.com\/fr\/une-tradition-familiale\/\"]}]},{\"@type\":\"BreadcrumbList\",\"@id\":\"https:\/\/pasouliereselection.com\/fr\/une-tradition-familiale\/#breadcrumb\",\"itemListElement\":[{\"@type\":\"ListItem\",\"position\":1,\"name\":\"Home\",\"item\":\"https:\/\/pasouliereselection.com\/fr\/\"},{\"@type\":\"ListItem\",\"position\":2,\"name\":\"Une Tradition Familiale\"}]},{\"@type\":\"WebSite\",\"@id\":\"https:\/\/pasouliereselection.com\/#website\",\"url\":\"https:\/\/pasouliereselection.com\/\",\"name\":\"Pier-Alexis Souli\u00e8re S\u00e9lection\",\"description\":\"Produits de l&#039;\u00e9rable rafin\u00e9s\",\"publisher\":{\"@id\":\"https:\/\/pasouliereselection.com\/#organization\"},\"potentialAction\":[{\"@type\":\"SearchAction\",\"target\":{\"@type\":\"EntryPoint\",\"urlTemplate\":\"https:\/\/pasouliereselection.com\/?s={search_term_string}\"},\"query-input\":{\"@type\":\"PropertyValueSpecification\",\"valueRequired\":true,\"valueName\":\"search_term_string\"}}],\"inLanguage\":\"fr-FR\"},{\"@type\":\"Organization\",\"@id\":\"https:\/\/pasouliereselection.com\/#organization\",\"name\":\"P-A Souli\u00e8re S\u00e9lection\",\"url\":\"https:\/\/pasouliereselection.com\/\",\"logo\":{\"@type\":\"ImageObject\",\"inLanguage\":\"fr-FR\",\"@id\":\"https:\/\/pasouliereselection.com\/#\/schema\/logo\/image\/\",\"url\":\"https:\/\/pasouliereselection.com\/wp-content\/uploads\/2021\/01\/Signature_pieralexissouliere.png\",\"contentUrl\":\"https:\/\/pasouliereselection.com\/wp-content\/uploads\/2021\/01\/Signature_pieralexissouliere.png\",\"width\":648,\"height\":982,\"caption\":\"P-A Souli\u00e8re S\u00e9lection\"},\"image\":{\"@id\":\"https:\/\/pasouliereselection.com\/#\/schema\/logo\/image\/\"},\"sameAs\":[\"https:\/\/www.facebook.com\/pasouliereselection\"]}]}<\/script>\n<!-- \/ Yoast SEO plugin. -->","yoast_head_json":{"title":"Une Tradition Familiale - Pier-Alexis Souli\u00e8re S\u00e9lection","robots":{"index":"index","follow":"follow","max-snippet":"max-snippet:-1","max-image-preview":"max-image-preview:large","max-video-preview":"max-video-preview:-1"},"canonical":"https:\/\/pasouliereselection.com\/fr\/une-tradition-familiale\/","og_locale":"fr_FR","og_type":"article","og_title":"Une Tradition Familiale - Pier-Alexis Souli\u00e8re S\u00e9lection","og_description":"[vc_row row_content_width=\u00a0\u00bbgrid\u00a0\u00bb css=\u00a0\u00bb.vc_custom_1569414181451{padding-top: 125px !important;padding-bottom: 14px !important;}\u00a0\u00bb][vc_column][\/vc_column][\/vc_row][vc_row row_content_width=\u00a0\u00bbgrid\u00a0\u00bb][vc_column css=\u00a0\u00bb.vc_custom_1573571964675{padding-right: 16px !important;padding-left: 25% !important;}\u00a0\u00bb offset=\u00a0\u00bbvc_col-lg-6 vc_col-md-6&Prime; column_responsive_padding_680=\u00a0\u00bb0 15px 0 15px\u00a0\u00bb column_responsive_padding_1024=\u00a0\u00bb0 16px 0 0&Prime; column_responsive_padding_768=\u00a0\u00bb0 15px 0 15px\u00a0\u00bb][vc_column_text] Pier-Alexis et son \u00e9pouse sont n\u00e9s \u00e0 Saint-Pierre-Baptiste, et ont \u00e9t\u00e9 baptis\u00e9s et se sont mari\u00e9s \u00e0 l\u2019\u00e9glise du village. Leur premi\u00e8re dispute portait sur les meilleures adresses [&hellip;]","og_url":"https:\/\/pasouliereselection.com\/fr\/une-tradition-familiale\/","og_site_name":"Pier-Alexis Souli\u00e8re S\u00e9lection","article_publisher":"https:\/\/www.facebook.com\/pasouliereselection","article_modified_time":"2022-05-26T01:16:39+00:00","twitter_card":"summary_large_image","twitter_misc":{"Dur\u00e9e de lecture estim\u00e9e":"3 minutes"},"schema":{"@context":"https:\/\/schema.org","@graph":[{"@type":"WebPage","@id":"https:\/\/pasouliereselection.com\/fr\/une-tradition-familiale\/","url":"https:\/\/pasouliereselection.com\/fr\/une-tradition-familiale\/","name":"Une Tradition Familiale - Pier-Alexis Souli\u00e8re S\u00e9lection","isPartOf":{"@id":"https:\/\/pasouliereselection.com\/#website"},"datePublished":"2019-09-09T14:43:02+00:00","dateModified":"2022-05-26T01:16:39+00:00","breadcrumb":{"@id":"https:\/\/pasouliereselection.com\/fr\/une-tradition-familiale\/#breadcrumb"},"inLanguage":"fr-FR","potentialAction":[{"@type":"ReadAction","target":["https:\/\/pasouliereselection.com\/fr\/une-tradition-familiale\/"]}]},{"@type":"BreadcrumbList","@id":"https:\/\/pasouliereselection.com\/fr\/une-tradition-familiale\/#breadcrumb","itemListElement":[{"@type":"ListItem","position":1,"name":"Home","item":"https:\/\/pasouliereselection.com\/fr\/"},{"@type":"ListItem","position":2,"name":"Une Tradition Familiale"}]},{"@type":"WebSite","@id":"https:\/\/pasouliereselection.com\/#website","url":"https:\/\/pasouliereselection.com\/","name":"Pier-Alexis Souli\u00e8re S\u00e9lection","description":"Produits de l&#039;\u00e9rable rafin\u00e9s","publisher":{"@id":"https:\/\/pasouliereselection.com\/#organization"},"potentialAction":[{"@type":"SearchAction","target":{"@type":"EntryPoint","urlTemplate":"https:\/\/pasouliereselection.com\/?s={search_term_string}"},"query-input":{"@type":"PropertyValueSpecification","valueRequired":true,"valueName":"search_term_string"}}],"inLanguage":"fr-FR"},{"@type":"Organization","@id":"https:\/\/pasouliereselection.com\/#organization","name":"P-A Souli\u00e8re S\u00e9lection","url":"https:\/\/pasouliereselection.com\/","logo":{"@type":"ImageObject","inLanguage":"fr-FR","@id":"https:\/\/pasouliereselection.com\/#\/schema\/logo\/image\/","url":"https:\/\/pasouliereselection.com\/wp-content\/uploads\/2021\/01\/Signature_pieralexissouliere.png","contentUrl":"https:\/\/pasouliereselection.com\/wp-content\/uploads\/2021\/01\/Signature_pieralexissouliere.png","width":648,"height":982,"caption":"P-A Souli\u00e8re S\u00e9lection"},"image":{"@id":"https:\/\/pasouliereselection.com\/#\/schema\/logo\/image\/"},"sameAs":["https:\/\/www.facebook.com\/pasouliereselection"]}]}},"_links":{"self":[{"href":"https:\/\/pasouliereselection.com\/fr\/wp-json\/wp\/v2\/pages\/5870","targetHints":{"allow":["GET"]}}],"collection":[{"href":"https:\/\/pasouliereselection.com\/fr\/wp-json\/wp\/v2\/pages"}],"about":[{"href":"https:\/\/pasouliereselection.com\/fr\/wp-json\/wp\/v2\/types\/page"}],"author":[{"embeddable":true,"href":"https:\/\/pasouliereselection.com\/fr\/wp-json\/wp\/v2\/users\/1"}],"replies":[{"embeddable":true,"href":"https:\/\/pasouliereselection.com\/fr\/wp-json\/wp\/v2\/comments?post=5870"}],"version-history":[{"count":5,"href":"https:\/\/pasouliereselection.com\/fr\/wp-json\/wp\/v2\/pages\/5870\/revisions"}],"predecessor-version":[{"id":5947,"href":"https:\/\/pasouliereselection.com\/fr\/wp-json\/wp\/v2\/pages\/5870\/revisions\/5947"}],"wp:attachment":[{"href":"https:\/\/pasouliereselection.com\/fr\/wp-json\/wp\/v2\/media?parent=5870"}],"curies":[{"name":"wp","href":"https:\/\/api.w.org\/{rel}","templated":true}]}}